{"id":56893,"date":"2025-07-18T19:55:41","date_gmt":"2025-07-18T17:55:41","guid":{"rendered":"https:\/\/classdressing.com\/?post_type=product&#038;p=56893"},"modified":"2025-08-31T18:22:29","modified_gmt":"2025-08-31T16:22:29","slug":"unas-perfectas","status":"publish","type":"product","link":"https:\/\/classdressing.com\/en\/product\/unas-perfectas\/","title":{"rendered":"U\u00f1as perfectas"},"content":{"rendered":"<p>Descubre nuestro curso online de u\u00f1as perfectas, un tutorial completo para aprender a pintar tus u\u00f1as de forma sencilla, r\u00e1pida y sin dejar huella. Con t\u00e9cnicas f\u00e1ciles y pr\u00e1cticas, lograr\u00e1s un acabado profesional desde la comodidad de tu casa.<\/p>\n<p>Pero no solo aprender\u00e1s a pintarlas: tambi\u00e9n te ense\u00f1amos la importancia del desmaquillaje correcto de u\u00f1as, paso esencial para mantenerlas sanas, cuidadas y listas para tu pr\u00f3xima manicura.<\/p>\n<p>Este curso est\u00e1 dise\u00f1ado especialmente para mujeres trans y crossdressers que desean mejorar su feminidad con detalles que marcan la diferencia. Con explicaciones claras y visuales, podr\u00e1s practicar de inmediato y conseguir unas u\u00f1as elegantes y femeninas en poco tiempo.<\/p>\n<p>Empieza hoy mismo y consigue unas manos impecables que reflejen tu estilo y feminidad.<\/p>","protected":false},"excerpt":{"rendered":"<p>Curso online de u\u00f1as perfectas. Aprende a pintar tus u\u00f1as sin marcas y a desmaquillarlas correctamente para mantenerlas siempre cuidadas y femeninas.<\/p>","protected":false},"featured_media":56528,"comment_status":"open","ping_status":"closed","template":"","meta":[],"product_brand":[],"product_cat":[89],"product_tag":[],"class_list":{"0":"post-56893","1":"product","2":"type-product","3":"status-publish","4":"has-post-thumbnail","6":"product_cat-sin-categorizar","8":"first","9":"instock","10":"downloadable","11":"virtual","12":"purchasable","13":"product-type-simple"},"yoast_head":"<!-- This site is optimized with the Yoast SEO plugin v27.3 - https:\/\/yoast.com\/product\/yoast-seo-wordpress\/ -->\n<title>U\u00f1as perfectas | Curso online de u\u00f1as femeninas<\/title>\n<meta name=\"description\" content=\"Aprende a pintar tus u\u00f1as de forma s\u00faper f\u00e1cil, r\u00e1pida y sin dejar huella. Curso online de u\u00f1as pr\u00e1ctico y perfecto para aprender desde casa.\" \/>\n<meta name=\"robots\" content=\"index, follow, max-snippet:-1, max-image-preview:large, max-video-preview:-1\" \/>\n<link rel=\"canonical\" href=\"https:\/\/classdressing.com\/en\/product\/unas-perfectas\/\" \/>\n<meta property=\"og:locale\" content=\"en_US\" \/>\n<meta property=\"og:type\" content=\"article\" \/>\n<meta property=\"og:title\" content=\"U\u00f1as perfectas | Curso online de u\u00f1as femeninas\" \/>\n<meta property=\"og:description\" content=\"Aprende a pintar tus u\u00f1as de forma s\u00faper f\u00e1cil, r\u00e1pida y sin dejar huella. Curso online de u\u00f1as pr\u00e1ctico y perfecto para aprender desde casa.\" \/>\n<meta property=\"og:url\" content=\"https:\/\/classdressing.com\/en\/product\/unas-perfectas\/\" \/>\n<meta property=\"og:site_name\" content=\"Classdressing - Academia online de Crossdressing y Feminidad\" \/>\n<meta property=\"article:publisher\" content=\"https:\/\/www.facebook.com\/dafnigirls\/\" \/>\n<meta property=\"article:modified_time\" content=\"2025-08-31T16:22:29+00:00\" \/>\n<meta property=\"og:image\" content=\"https:\/\/classdressing.com\/wp-content\/uploads\/2025\/07\/Unas-perfectas.png\" \/>\n\t<meta property=\"og:image:width\" content=\"1024\" \/>\n\t<meta property=\"og:image:height\" content=\"1024\" \/>\n\t<meta property=\"og:image:type\" content=\"image\/png\" \/>\n<meta name=\"twitter:card\" content=\"summary_large_image\" \/>\n<meta name=\"twitter:label1\" content=\"Est. reading time\" \/>\n\t<meta name=\"twitter:data1\" content=\"1 minute\" \/>\n<script type=\"application\/ld+json\" class=\"yoast-schema-graph\">{\"@context\":\"https:\\\/\\\/schema.org\",\"@graph\":[{\"@type\":\"WebPage\",\"@id\":\"https:\\\/\\\/classdressing.com\\\/producto\\\/unas-perfectas\\\/\",\"url\":\"https:\\\/\\\/classdressing.com\\\/producto\\\/unas-perfectas\\\/\",\"name\":\"U\u00f1as perfectas | Curso online de u\u00f1as femeninas\",\"isPartOf\":{\"@id\":\"https:\\\/\\\/classdressing.com\\\/#website\"},\"primaryImageOfPage\":{\"@id\":\"https:\\\/\\\/classdressing.com\\\/producto\\\/unas-perfectas\\\/#primaryimage\"},\"image\":{\"@id\":\"https:\\\/\\\/classdressing.com\\\/producto\\\/unas-perfectas\\\/#primaryimage\"},\"thumbnailUrl\":\"https:\\\/\\\/classdressing.com\\\/wp-content\\\/uploads\\\/2025\\\/07\\\/Unas-perfectas.png\",\"datePublished\":\"2025-07-18T17:55:41+00:00\",\"dateModified\":\"2025-08-31T16:22:29+00:00\",\"description\":\"Aprende a pintar tus u\u00f1as de forma s\u00faper f\u00e1cil, r\u00e1pida y sin dejar huella. Curso online de u\u00f1as pr\u00e1ctico y perfecto para aprender desde casa.\",\"breadcrumb\":{\"@id\":\"https:\\\/\\\/classdressing.com\\\/producto\\\/unas-perfectas\\\/#breadcrumb\"},\"inLanguage\":\"en-US\",\"potentialAction\":[{\"@type\":\"ReadAction\",\"target\":[\"https:\\\/\\\/classdressing.com\\\/producto\\\/unas-perfectas\\\/\"]}]},{\"@type\":\"ImageObject\",\"inLanguage\":\"en-US\",\"@id\":\"https:\\\/\\\/classdressing.com\\\/producto\\\/unas-perfectas\\\/#primaryimage\",\"url\":\"https:\\\/\\\/classdressing.com\\\/wp-content\\\/uploads\\\/2025\\\/07\\\/Unas-perfectas.png\",\"contentUrl\":\"https:\\\/\\\/classdressing.com\\\/wp-content\\\/uploads\\\/2025\\\/07\\\/Unas-perfectas.png\",\"width\":1024,\"height\":1024,\"caption\":\"U\u00f1as perfectas\"},{\"@type\":\"BreadcrumbList\",\"@id\":\"https:\\\/\\\/classdressing.com\\\/producto\\\/unas-perfectas\\\/#breadcrumb\",\"itemListElement\":[{\"@type\":\"ListItem\",\"position\":1,\"name\":\"Portada\",\"item\":\"https:\\\/\\\/classdressing.com\\\/\"},{\"@type\":\"ListItem\",\"position\":2,\"name\":\"Tienda\",\"item\":\"https:\\\/\\\/classdressing.com\\\/tienda\\\/\"},{\"@type\":\"ListItem\",\"position\":3,\"name\":\"U\u00f1as perfectas\"}]},{\"@type\":\"WebSite\",\"@id\":\"https:\\\/\\\/classdressing.com\\\/#website\",\"url\":\"https:\\\/\\\/classdressing.com\\\/\",\"name\":\"Classdressing by Dafni Coc\u00f3\",\"description\":\"Academia online de feminidad y Crossdressing: maquillaje, vestuario, modales femeninos con cursos pr\u00e1cticos para crossdressers y mujeres trans.\",\"publisher\":{\"@id\":\"https:\\\/\\\/classdressing.com\\\/#organization\"},\"alternateName\":\"Classdressing\",\"potentialAction\":[{\"@type\":\"SearchAction\",\"target\":{\"@type\":\"EntryPoint\",\"urlTemplate\":\"https:\\\/\\\/classdressing.com\\\/?s={search_term_string}\"},\"query-input\":{\"@type\":\"PropertyValueSpecification\",\"valueRequired\":true,\"valueName\":\"search_term_string\"}}],\"inLanguage\":\"en-US\"},{\"@type\":\"Organization\",\"@id\":\"https:\\\/\\\/classdressing.com\\\/#organization\",\"name\":\"Classdresing\",\"url\":\"https:\\\/\\\/classdressing.com\\\/\",\"logo\":{\"@type\":\"ImageObject\",\"inLanguage\":\"en-US\",\"@id\":\"https:\\\/\\\/classdressing.com\\\/#\\\/schema\\\/logo\\\/image\\\/\",\"url\":\"https:\\\/\\\/classdressing.com\\\/wp-content\\\/uploads\\\/2024\\\/10\\\/cropped-favicon.png\",\"contentUrl\":\"https:\\\/\\\/classdressing.com\\\/wp-content\\\/uploads\\\/2024\\\/10\\\/cropped-favicon.png\",\"width\":512,\"height\":512,\"caption\":\"Classdresing\"},\"image\":{\"@id\":\"https:\\\/\\\/classdressing.com\\\/#\\\/schema\\\/logo\\\/image\\\/\"},\"sameAs\":[\"https:\\\/\\\/www.facebook.com\\\/dafnigirls\\\/\",\"https:\\\/\\\/www.instagram.com\\\/dafnigirls\\\/\",\"https:\\\/\\\/www.youtube.com\\\/user\\\/dafnicoco\"]}]}<\/script>\n<!-- \/ Yoast SEO plugin. -->","yoast_head_json":{"title":"U\u00f1as perfectas | Curso online de u\u00f1as femeninas","description":"Aprende a pintar tus u\u00f1as de forma s\u00faper f\u00e1cil, r\u00e1pida y sin dejar huella. Curso online de u\u00f1as pr\u00e1ctico y perfecto para aprender desde casa.","robots":{"index":"index","follow":"follow","max-snippet":"max-snippet:-1","max-image-preview":"max-image-preview:large","max-video-preview":"max-video-preview:-1"},"canonical":"https:\/\/classdressing.com\/en\/product\/unas-perfectas\/","og_locale":"en_US","og_type":"article","og_title":"U\u00f1as perfectas | Curso online de u\u00f1as femeninas","og_description":"Aprende a pintar tus u\u00f1as de forma s\u00faper f\u00e1cil, r\u00e1pida y sin dejar huella. Curso online de u\u00f1as pr\u00e1ctico y perfecto para aprender desde casa.","og_url":"https:\/\/classdressing.com\/en\/product\/unas-perfectas\/","og_site_name":"Classdressing - Academia online de Crossdressing y Feminidad","article_publisher":"https:\/\/www.facebook.com\/dafnigirls\/","article_modified_time":"2025-08-31T16:22:29+00:00","og_image":[{"width":1024,"height":1024,"url":"https:\/\/classdressing.com\/wp-content\/uploads\/2025\/07\/Unas-perfectas.png","type":"image\/png"}],"twitter_card":"summary_large_image","twitter_misc":{"Est. reading time":"1 minute"},"schema":{"@context":"https:\/\/schema.org","@graph":[{"@type":"WebPage","@id":"https:\/\/classdressing.com\/producto\/unas-perfectas\/","url":"https:\/\/classdressing.com\/producto\/unas-perfectas\/","name":"U\u00f1as perfectas | Curso online de u\u00f1as femeninas","isPartOf":{"@id":"https:\/\/classdressing.com\/#website"},"primaryImageOfPage":{"@id":"https:\/\/classdressing.com\/producto\/unas-perfectas\/#primaryimage"},"image":{"@id":"https:\/\/classdressing.com\/producto\/unas-perfectas\/#primaryimage"},"thumbnailUrl":"https:\/\/classdressing.com\/wp-content\/uploads\/2025\/07\/Unas-perfectas.png","datePublished":"2025-07-18T17:55:41+00:00","dateModified":"2025-08-31T16:22:29+00:00","description":"Aprende a pintar tus u\u00f1as de forma s\u00faper f\u00e1cil, r\u00e1pida y sin dejar huella. Curso online de u\u00f1as pr\u00e1ctico y perfecto para aprender desde casa.","breadcrumb":{"@id":"https:\/\/classdressing.com\/producto\/unas-perfectas\/#breadcrumb"},"inLanguage":"en-US","potentialAction":[{"@type":"ReadAction","target":["https:\/\/classdressing.com\/producto\/unas-perfectas\/"]}]},{"@type":"ImageObject","inLanguage":"en-US","@id":"https:\/\/classdressing.com\/producto\/unas-perfectas\/#primaryimage","url":"https:\/\/classdressing.com\/wp-content\/uploads\/2025\/07\/Unas-perfectas.png","contentUrl":"https:\/\/classdressing.com\/wp-content\/uploads\/2025\/07\/Unas-perfectas.png","width":1024,"height":1024,"caption":"U\u00f1as perfectas"},{"@type":"BreadcrumbList","@id":"https:\/\/classdressing.com\/producto\/unas-perfectas\/#breadcrumb","itemListElement":[{"@type":"ListItem","position":1,"name":"Portada","item":"https:\/\/classdressing.com\/"},{"@type":"ListItem","position":2,"name":"Tienda","item":"https:\/\/classdressing.com\/tienda\/"},{"@type":"ListItem","position":3,"name":"U\u00f1as perfectas"}]},{"@type":"WebSite","@id":"https:\/\/classdressing.com\/#website","url":"https:\/\/classdressing.com\/","name":"Classdressing by Dafni Coc\u00f3","description":"Academia online de feminidad y Crossdressing: maquillaje, vestuario, modales femeninos con cursos pr\u00e1cticos para crossdressers y mujeres trans.","publisher":{"@id":"https:\/\/classdressing.com\/#organization"},"alternateName":"Classdressing","potentialAction":[{"@type":"SearchAction","target":{"@type":"EntryPoint","urlTemplate":"https:\/\/classdressing.com\/?s={search_term_string}"},"query-input":{"@type":"PropertyValueSpecification","valueRequired":true,"valueName":"search_term_string"}}],"inLanguage":"en-US"},{"@type":"Organization","@id":"https:\/\/classdressing.com\/#organization","name":"Classdresing","url":"https:\/\/classdressing.com\/","logo":{"@type":"ImageObject","inLanguage":"en-US","@id":"https:\/\/classdressing.com\/#\/schema\/logo\/image\/","url":"https:\/\/classdressing.com\/wp-content\/uploads\/2024\/10\/cropped-favicon.png","contentUrl":"https:\/\/classdressing.com\/wp-content\/uploads\/2024\/10\/cropped-favicon.png","width":512,"height":512,"caption":"Classdresing"},"image":{"@id":"https:\/\/classdressing.com\/#\/schema\/logo\/image\/"},"sameAs":["https:\/\/www.facebook.com\/dafnigirls\/","https:\/\/www.instagram.com\/dafnigirls\/","https:\/\/www.youtube.com\/user\/dafnicoco"]}]}},"_links":{"self":[{"href":"https:\/\/classdressing.com\/en\/wp-json\/wp\/v2\/product\/56893","targetHints":{"allow":["GET"]}}],"collection":[{"href":"https:\/\/classdressing.com\/en\/wp-json\/wp\/v2\/product"}],"about":[{"href":"https:\/\/classdressing.com\/en\/wp-json\/wp\/v2\/types\/product"}],"replies":[{"embeddable":true,"href":"https:\/\/classdressing.com\/en\/wp-json\/wp\/v2\/comments?post=56893"}],"wp:featuredmedia":[{"embeddable":true,"href":"https:\/\/classdressing.com\/en\/wp-json\/wp\/v2\/media\/56528"}],"wp:attachment":[{"href":"https:\/\/classdressing.com\/en\/wp-json\/wp\/v2\/media?parent=56893"}],"wp:term":[{"taxonomy":"product_brand","embeddable":true,"href":"https:\/\/classdressing.com\/en\/wp-json\/wp\/v2\/product_brand?post=56893"},{"taxonomy":"product_cat","embeddable":true,"href":"https:\/\/classdressing.com\/en\/wp-json\/wp\/v2\/product_cat?post=56893"},{"taxonomy":"product_tag","embeddable":true,"href":"https:\/\/classdressing.com\/en\/wp-json\/wp\/v2\/product_tag?post=56893"}],"curies":[{"name":"wp","href":"https:\/\/api.w.org\/{rel}","templated":true}]}}