{"id":56891,"date":"2025-07-18T19:54:02","date_gmt":"2025-07-18T17:54:02","guid":{"rendered":"https:\/\/classdressing.com\/?post_type=product&#038;p=56891"},"modified":"2025-08-31T18:27:48","modified_gmt":"2025-08-31T16:27:48","slug":"ojos-ahumados","status":"publish","type":"product","link":"https:\/\/classdressing.com\/en\/product\/ojos-ahumados\/","title":{"rendered":"Ojos ahumados"},"content":{"rendered":"<p>Descubre nuestro curso online de ojos ahumados, la t\u00e9cnica m\u00e1s elegante y seductora del maquillaje. A trav\u00e9s de lecciones pr\u00e1cticas aprender\u00e1s a crear un smokey eye paso a paso, logrando un efecto intenso, profundo y lleno de feminidad.<\/p>\n<p>En este curso te mostramos c\u00f3mo combinar sombras, difuminar correctamente y aplicar delineado para que tus ojos destaquen con un estilo sofisticado y atemporal.<\/p>\n<p>Dise\u00f1ado especialmente para mujeres trans y crossdressers, este curso te permitir\u00e1 practicar desde la comodidad de casa y perfeccionar tu feminidad a trav\u00e9s de la mirada.<\/p>\n<p>Convi\u00e9rtete en una experta del maquillaje de ojos y consigue un look vers\u00e1til, perfecto tanto para ocasiones especiales como para dar un toque glamuroso a tu estilo diario.<\/p>","protected":false},"excerpt":{"rendered":"<p>Curso online de ojos ahumados. Aprende la t\u00e9cnica de smokey eyes con pasos f\u00e1ciles para conseguir una mirada femenina, profunda y elegante desde casa.<\/p>","protected":false},"featured_media":56529,"comment_status":"open","ping_status":"closed","template":"","meta":[],"product_brand":[],"product_cat":[89],"product_tag":[],"class_list":{"0":"post-56891","1":"product","2":"type-product","3":"status-publish","4":"has-post-thumbnail","6":"product_cat-sin-categorizar","8":"first","9":"instock","10":"downloadable","11":"virtual","12":"purchasable","13":"product-type-simple"},"yoast_head":"<!-- This site is optimized with the Yoast SEO plugin v27.3 - https:\/\/yoast.com\/product\/yoast-seo-wordpress\/ -->\n<title>Ojos ahumados | Curso online de maquillaje | Classdressing<\/title>\n<meta name=\"description\" content=\"Aprende la t\u00e9cnica de Smokey eyes paso a paso para lograr una mirada intensa y femenina. Ideal para mujeres trans y crossdressers.\" \/>\n<meta name=\"robots\" content=\"index, follow, max-snippet:-1, max-image-preview:large, max-video-preview:-1\" \/>\n<link rel=\"canonical\" href=\"https:\/\/classdressing.com\/en\/product\/ojos-ahumados\/\" \/>\n<meta property=\"og:locale\" content=\"en_US\" \/>\n<meta property=\"og:type\" content=\"article\" \/>\n<meta property=\"og:title\" content=\"Ojos ahumados | Curso online de maquillaje | Classdressing\" \/>\n<meta property=\"og:description\" content=\"Aprende la t\u00e9cnica de Smokey eyes paso a paso para lograr una mirada intensa y femenina. Ideal para mujeres trans y crossdressers.\" \/>\n<meta property=\"og:url\" content=\"https:\/\/classdressing.com\/en\/product\/ojos-ahumados\/\" \/>\n<meta property=\"og:site_name\" content=\"Classdressing - Academia online de Crossdressing y Feminidad\" \/>\n<meta property=\"article:publisher\" content=\"https:\/\/www.facebook.com\/dafnigirls\/\" \/>\n<meta property=\"article:modified_time\" content=\"2025-08-31T16:27:48+00:00\" \/>\n<meta property=\"og:image\" content=\"https:\/\/classdressing.com\/wp-content\/uploads\/2025\/07\/Ojos-ahumados.png\" \/>\n\t<meta property=\"og:image:width\" content=\"1024\" \/>\n\t<meta property=\"og:image:height\" content=\"1024\" \/>\n\t<meta property=\"og:image:type\" content=\"image\/png\" \/>\n<meta name=\"twitter:card\" content=\"summary_large_image\" \/>\n<meta name=\"twitter:label1\" content=\"Est. reading time\" \/>\n\t<meta name=\"twitter:data1\" content=\"1 minute\" \/>\n<script type=\"application\/ld+json\" class=\"yoast-schema-graph\">{\"@context\":\"https:\\\/\\\/schema.org\",\"@graph\":[{\"@type\":\"WebPage\",\"@id\":\"https:\\\/\\\/classdressing.com\\\/producto\\\/ojos-ahumados\\\/\",\"url\":\"https:\\\/\\\/classdressing.com\\\/producto\\\/ojos-ahumados\\\/\",\"name\":\"Ojos ahumados | Curso online de maquillaje | Classdressing\",\"isPartOf\":{\"@id\":\"https:\\\/\\\/classdressing.com\\\/#website\"},\"primaryImageOfPage\":{\"@id\":\"https:\\\/\\\/classdressing.com\\\/producto\\\/ojos-ahumados\\\/#primaryimage\"},\"image\":{\"@id\":\"https:\\\/\\\/classdressing.com\\\/producto\\\/ojos-ahumados\\\/#primaryimage\"},\"thumbnailUrl\":\"https:\\\/\\\/classdressing.com\\\/wp-content\\\/uploads\\\/2025\\\/07\\\/Ojos-ahumados.png\",\"datePublished\":\"2025-07-18T17:54:02+00:00\",\"dateModified\":\"2025-08-31T16:27:48+00:00\",\"description\":\"Aprende la t\u00e9cnica de Smokey eyes paso a paso para lograr una mirada intensa y femenina. Ideal para mujeres trans y crossdressers.\",\"breadcrumb\":{\"@id\":\"https:\\\/\\\/classdressing.com\\\/producto\\\/ojos-ahumados\\\/#breadcrumb\"},\"inLanguage\":\"en-US\",\"potentialAction\":[{\"@type\":\"ReadAction\",\"target\":[\"https:\\\/\\\/classdressing.com\\\/producto\\\/ojos-ahumados\\\/\"]}]},{\"@type\":\"ImageObject\",\"inLanguage\":\"en-US\",\"@id\":\"https:\\\/\\\/classdressing.com\\\/producto\\\/ojos-ahumados\\\/#primaryimage\",\"url\":\"https:\\\/\\\/classdressing.com\\\/wp-content\\\/uploads\\\/2025\\\/07\\\/Ojos-ahumados.png\",\"contentUrl\":\"https:\\\/\\\/classdressing.com\\\/wp-content\\\/uploads\\\/2025\\\/07\\\/Ojos-ahumados.png\",\"width\":1024,\"height\":1024,\"caption\":\"Ojos ahumados\"},{\"@type\":\"BreadcrumbList\",\"@id\":\"https:\\\/\\\/classdressing.com\\\/producto\\\/ojos-ahumados\\\/#breadcrumb\",\"itemListElement\":[{\"@type\":\"ListItem\",\"position\":1,\"name\":\"Portada\",\"item\":\"https:\\\/\\\/classdressing.com\\\/\"},{\"@type\":\"ListItem\",\"position\":2,\"name\":\"Tienda\",\"item\":\"https:\\\/\\\/classdressing.com\\\/tienda\\\/\"},{\"@type\":\"ListItem\",\"position\":3,\"name\":\"Ojos ahumados\"}]},{\"@type\":\"WebSite\",\"@id\":\"https:\\\/\\\/classdressing.com\\\/#website\",\"url\":\"https:\\\/\\\/classdressing.com\\\/\",\"name\":\"Classdressing by Dafni Coc\u00f3\",\"description\":\"Academia online de feminidad y Crossdressing: maquillaje, vestuario, modales femeninos con cursos pr\u00e1cticos para crossdressers y mujeres trans.\",\"publisher\":{\"@id\":\"https:\\\/\\\/classdressing.com\\\/#organization\"},\"alternateName\":\"Classdressing\",\"potentialAction\":[{\"@type\":\"SearchAction\",\"target\":{\"@type\":\"EntryPoint\",\"urlTemplate\":\"https:\\\/\\\/classdressing.com\\\/?s={search_term_string}\"},\"query-input\":{\"@type\":\"PropertyValueSpecification\",\"valueRequired\":true,\"valueName\":\"search_term_string\"}}],\"inLanguage\":\"en-US\"},{\"@type\":\"Organization\",\"@id\":\"https:\\\/\\\/classdressing.com\\\/#organization\",\"name\":\"Classdresing\",\"url\":\"https:\\\/\\\/classdressing.com\\\/\",\"logo\":{\"@type\":\"ImageObject\",\"inLanguage\":\"en-US\",\"@id\":\"https:\\\/\\\/classdressing.com\\\/#\\\/schema\\\/logo\\\/image\\\/\",\"url\":\"https:\\\/\\\/classdressing.com\\\/wp-content\\\/uploads\\\/2024\\\/10\\\/cropped-favicon.png\",\"contentUrl\":\"https:\\\/\\\/classdressing.com\\\/wp-content\\\/uploads\\\/2024\\\/10\\\/cropped-favicon.png\",\"width\":512,\"height\":512,\"caption\":\"Classdresing\"},\"image\":{\"@id\":\"https:\\\/\\\/classdressing.com\\\/#\\\/schema\\\/logo\\\/image\\\/\"},\"sameAs\":[\"https:\\\/\\\/www.facebook.com\\\/dafnigirls\\\/\",\"https:\\\/\\\/www.instagram.com\\\/dafnigirls\\\/\",\"https:\\\/\\\/www.youtube.com\\\/user\\\/dafnicoco\"]}]}<\/script>\n<!-- \/ Yoast SEO plugin. -->","yoast_head_json":{"title":"Ojos ahumados | Curso online de maquillaje | Classdressing","description":"Aprende la t\u00e9cnica de Smokey eyes paso a paso para lograr una mirada intensa y femenina. Ideal para mujeres trans y crossdressers.","robots":{"index":"index","follow":"follow","max-snippet":"max-snippet:-1","max-image-preview":"max-image-preview:large","max-video-preview":"max-video-preview:-1"},"canonical":"https:\/\/classdressing.com\/en\/product\/ojos-ahumados\/","og_locale":"en_US","og_type":"article","og_title":"Ojos ahumados | Curso online de maquillaje | Classdressing","og_description":"Aprende la t\u00e9cnica de Smokey eyes paso a paso para lograr una mirada intensa y femenina. Ideal para mujeres trans y crossdressers.","og_url":"https:\/\/classdressing.com\/en\/product\/ojos-ahumados\/","og_site_name":"Classdressing - Academia online de Crossdressing y Feminidad","article_publisher":"https:\/\/www.facebook.com\/dafnigirls\/","article_modified_time":"2025-08-31T16:27:48+00:00","og_image":[{"width":1024,"height":1024,"url":"https:\/\/classdressing.com\/wp-content\/uploads\/2025\/07\/Ojos-ahumados.png","type":"image\/png"}],"twitter_card":"summary_large_image","twitter_misc":{"Est. reading time":"1 minute"},"schema":{"@context":"https:\/\/schema.org","@graph":[{"@type":"WebPage","@id":"https:\/\/classdressing.com\/producto\/ojos-ahumados\/","url":"https:\/\/classdressing.com\/producto\/ojos-ahumados\/","name":"Ojos ahumados | Curso online de maquillaje | Classdressing","isPartOf":{"@id":"https:\/\/classdressing.com\/#website"},"primaryImageOfPage":{"@id":"https:\/\/classdressing.com\/producto\/ojos-ahumados\/#primaryimage"},"image":{"@id":"https:\/\/classdressing.com\/producto\/ojos-ahumados\/#primaryimage"},"thumbnailUrl":"https:\/\/classdressing.com\/wp-content\/uploads\/2025\/07\/Ojos-ahumados.png","datePublished":"2025-07-18T17:54:02+00:00","dateModified":"2025-08-31T16:27:48+00:00","description":"Aprende la t\u00e9cnica de Smokey eyes paso a paso para lograr una mirada intensa y femenina. Ideal para mujeres trans y crossdressers.","breadcrumb":{"@id":"https:\/\/classdressing.com\/producto\/ojos-ahumados\/#breadcrumb"},"inLanguage":"en-US","potentialAction":[{"@type":"ReadAction","target":["https:\/\/classdressing.com\/producto\/ojos-ahumados\/"]}]},{"@type":"ImageObject","inLanguage":"en-US","@id":"https:\/\/classdressing.com\/producto\/ojos-ahumados\/#primaryimage","url":"https:\/\/classdressing.com\/wp-content\/uploads\/2025\/07\/Ojos-ahumados.png","contentUrl":"https:\/\/classdressing.com\/wp-content\/uploads\/2025\/07\/Ojos-ahumados.png","width":1024,"height":1024,"caption":"Ojos ahumados"},{"@type":"BreadcrumbList","@id":"https:\/\/classdressing.com\/producto\/ojos-ahumados\/#breadcrumb","itemListElement":[{"@type":"ListItem","position":1,"name":"Portada","item":"https:\/\/classdressing.com\/"},{"@type":"ListItem","position":2,"name":"Tienda","item":"https:\/\/classdressing.com\/tienda\/"},{"@type":"ListItem","position":3,"name":"Ojos ahumados"}]},{"@type":"WebSite","@id":"https:\/\/classdressing.com\/#website","url":"https:\/\/classdressing.com\/","name":"Classdressing by Dafni Coc\u00f3","description":"Academia online de feminidad y Crossdressing: maquillaje, vestuario, modales femeninos con cursos pr\u00e1cticos para crossdressers y mujeres trans.","publisher":{"@id":"https:\/\/classdressing.com\/#organization"},"alternateName":"Classdressing","potentialAction":[{"@type":"SearchAction","target":{"@type":"EntryPoint","urlTemplate":"https:\/\/classdressing.com\/?s={search_term_string}"},"query-input":{"@type":"PropertyValueSpecification","valueRequired":true,"valueName":"search_term_string"}}],"inLanguage":"en-US"},{"@type":"Organization","@id":"https:\/\/classdressing.com\/#organization","name":"Classdresing","url":"https:\/\/classdressing.com\/","logo":{"@type":"ImageObject","inLanguage":"en-US","@id":"https:\/\/classdressing.com\/#\/schema\/logo\/image\/","url":"https:\/\/classdressing.com\/wp-content\/uploads\/2024\/10\/cropped-favicon.png","contentUrl":"https:\/\/classdressing.com\/wp-content\/uploads\/2024\/10\/cropped-favicon.png","width":512,"height":512,"caption":"Classdresing"},"image":{"@id":"https:\/\/classdressing.com\/#\/schema\/logo\/image\/"},"sameAs":["https:\/\/www.facebook.com\/dafnigirls\/","https:\/\/www.instagram.com\/dafnigirls\/","https:\/\/www.youtube.com\/user\/dafnicoco"]}]}},"_links":{"self":[{"href":"https:\/\/classdressing.com\/en\/wp-json\/wp\/v2\/product\/56891","targetHints":{"allow":["GET"]}}],"collection":[{"href":"https:\/\/classdressing.com\/en\/wp-json\/wp\/v2\/product"}],"about":[{"href":"https:\/\/classdressing.com\/en\/wp-json\/wp\/v2\/types\/product"}],"replies":[{"embeddable":true,"href":"https:\/\/classdressing.com\/en\/wp-json\/wp\/v2\/comments?post=56891"}],"wp:featuredmedia":[{"embeddable":true,"href":"https:\/\/classdressing.com\/en\/wp-json\/wp\/v2\/media\/56529"}],"wp:attachment":[{"href":"https:\/\/classdressing.com\/en\/wp-json\/wp\/v2\/media?parent=56891"}],"wp:term":[{"taxonomy":"product_brand","embeddable":true,"href":"https:\/\/classdressing.com\/en\/wp-json\/wp\/v2\/product_brand?post=56891"},{"taxonomy":"product_cat","embeddable":true,"href":"https:\/\/classdressing.com\/en\/wp-json\/wp\/v2\/product_cat?post=56891"},{"taxonomy":"product_tag","embeddable":true,"href":"https:\/\/classdressing.com\/en\/wp-json\/wp\/v2\/product_tag?post=56891"}],"curies":[{"name":"wp","href":"https:\/\/api.w.org\/{rel}","templated":true}]}}