{"id":56889,"date":"2025-07-18T19:52:12","date_gmt":"2025-07-18T17:52:12","guid":{"rendered":"https:\/\/classdressing.com\/?post_type=product&#038;p=56889"},"modified":"2025-08-31T17:51:30","modified_gmt":"2025-08-31T15:51:30","slug":"maquillaje-express","status":"publish","type":"product","link":"https:\/\/classdressing.com\/en\/product\/maquillaje-express\/","title":{"rendered":"Curso online maquillaje express"},"content":{"rendered":"<p>Descubre nuestro curso online Maquillaje Express, pensado para quienes desean feminizarse de forma r\u00e1pida, sencilla y desde la comodidad de casa.<\/p>\n<p>Este curso incluye dos tutoriales en uno:<\/p>\n<ol>\n<li>Cuidado y limpieza de la piel antes de aplicar el maquillaje.<\/li>\n<li>Rutina de maquillaje completa en solo 20 minutos, ideal para el d\u00eda a d\u00eda o para quienes no disponen de mucho tiempo pero quieren lograr un look femenino inmediato.<\/li>\n<\/ol>\n<p>Con t\u00e9cnicas f\u00e1ciles y pr\u00e1cticas, aprender\u00e1s a resaltar tu rostro, suavizar rasgos y feminizar tu imagen en pocos pasos. Adem\u00e1s, contamos con una modelo trans que gu\u00eda el proceso, mostrando resultados reales y motivadores para mujeres trans y crossdressers que buscan expresar su feminidad con naturalidad.<\/p>\n<p>Empieza hoy y descubre c\u00f3mo el maquillaje puede convertirse en tu mejor aliado para sentirte aut\u00e9ntica, femenina y segura en cualquier ocasi\u00f3n.<\/p>","protected":false},"excerpt":{"rendered":"<p>Curso online Maquillaje Express. Dos tutoriales en uno: cuidado de piel y maquillaje en 20 minutos. Perfecto para mujeres trans y crossdressers desde casa.<\/p>","protected":false},"featured_media":56531,"comment_status":"open","ping_status":"closed","template":"","meta":[],"product_brand":[],"product_cat":[89],"product_tag":[],"class_list":{"0":"post-56889","1":"product","2":"type-product","3":"status-publish","4":"has-post-thumbnail","6":"product_cat-sin-categorizar","8":"first","9":"instock","10":"downloadable","11":"virtual","12":"purchasable","13":"product-type-simple"},"yoast_head":"<!-- This site is optimized with the Yoast SEO plugin v27.3 - https:\/\/yoast.com\/product\/yoast-seo-wordpress\/ -->\n<title>Curso online maquillaje express | Crossdressing y feminizaci\u00f3n<\/title>\n<meta name=\"description\" content=\"Aprende a maquillarte en solo 20 minutos. Gu\u00eda online para mujeres trans y crossdressers. Cuida tu piel y aprende a feminizar tu rostro desde tu casa\" \/>\n<meta name=\"robots\" content=\"index, follow, max-snippet:-1, max-image-preview:large, max-video-preview:-1\" \/>\n<link rel=\"canonical\" href=\"https:\/\/classdressing.com\/en\/product\/maquillaje-express\/\" \/>\n<meta property=\"og:locale\" content=\"en_US\" \/>\n<meta property=\"og:type\" content=\"article\" \/>\n<meta property=\"og:title\" content=\"Curso online maquillaje express | Crossdressing y feminizaci\u00f3n\" \/>\n<meta property=\"og:description\" content=\"Aprende a maquillarte en solo 20 minutos. Gu\u00eda online para mujeres trans y crossdressers. Cuida tu piel y aprende a feminizar tu rostro desde tu casa\" \/>\n<meta property=\"og:url\" content=\"https:\/\/classdressing.com\/en\/product\/maquillaje-express\/\" \/>\n<meta property=\"og:site_name\" content=\"Classdressing - Academia online de Crossdressing y Feminidad\" \/>\n<meta property=\"article:publisher\" content=\"https:\/\/www.facebook.com\/dafnigirls\/\" \/>\n<meta property=\"article:modified_time\" content=\"2025-08-31T15:51:30+00:00\" \/>\n<meta property=\"og:image\" content=\"https:\/\/classdressing.com\/wp-content\/uploads\/2025\/07\/Maquillaje-Expres.jpg\" \/>\n\t<meta property=\"og:image:width\" content=\"1080\" \/>\n\t<meta property=\"og:image:height\" content=\"1080\" \/>\n\t<meta property=\"og:image:type\" content=\"image\/jpeg\" \/>\n<meta name=\"twitter:card\" content=\"summary_large_image\" \/>\n<meta name=\"twitter:label1\" content=\"Est. reading time\" \/>\n\t<meta name=\"twitter:data1\" content=\"1 minute\" \/>\n<script type=\"application\/ld+json\" class=\"yoast-schema-graph\">{\"@context\":\"https:\\\/\\\/schema.org\",\"@graph\":[{\"@type\":\"WebPage\",\"@id\":\"https:\\\/\\\/classdressing.com\\\/producto\\\/maquillaje-express\\\/\",\"url\":\"https:\\\/\\\/classdressing.com\\\/producto\\\/maquillaje-express\\\/\",\"name\":\"Curso online maquillaje express | Crossdressing y feminizaci\u00f3n\",\"isPartOf\":{\"@id\":\"https:\\\/\\\/classdressing.com\\\/#website\"},\"primaryImageOfPage\":{\"@id\":\"https:\\\/\\\/classdressing.com\\\/producto\\\/maquillaje-express\\\/#primaryimage\"},\"image\":{\"@id\":\"https:\\\/\\\/classdressing.com\\\/producto\\\/maquillaje-express\\\/#primaryimage\"},\"thumbnailUrl\":\"https:\\\/\\\/classdressing.com\\\/wp-content\\\/uploads\\\/2025\\\/07\\\/Maquillaje-Expres.jpg\",\"datePublished\":\"2025-07-18T17:52:12+00:00\",\"dateModified\":\"2025-08-31T15:51:30+00:00\",\"description\":\"Aprende a maquillarte en solo 20 minutos. Gu\u00eda online para mujeres trans y crossdressers. Cuida tu piel y aprende a feminizar tu rostro desde tu casa\",\"breadcrumb\":{\"@id\":\"https:\\\/\\\/classdressing.com\\\/producto\\\/maquillaje-express\\\/#breadcrumb\"},\"inLanguage\":\"en-US\",\"potentialAction\":[{\"@type\":\"ReadAction\",\"target\":[\"https:\\\/\\\/classdressing.com\\\/producto\\\/maquillaje-express\\\/\"]}]},{\"@type\":\"ImageObject\",\"inLanguage\":\"en-US\",\"@id\":\"https:\\\/\\\/classdressing.com\\\/producto\\\/maquillaje-express\\\/#primaryimage\",\"url\":\"https:\\\/\\\/classdressing.com\\\/wp-content\\\/uploads\\\/2025\\\/07\\\/Maquillaje-Expres.jpg\",\"contentUrl\":\"https:\\\/\\\/classdressing.com\\\/wp-content\\\/uploads\\\/2025\\\/07\\\/Maquillaje-Expres.jpg\",\"width\":1080,\"height\":1080,\"caption\":\"Maquillaje express\"},{\"@type\":\"BreadcrumbList\",\"@id\":\"https:\\\/\\\/classdressing.com\\\/producto\\\/maquillaje-express\\\/#breadcrumb\",\"itemListElement\":[{\"@type\":\"ListItem\",\"position\":1,\"name\":\"Portada\",\"item\":\"https:\\\/\\\/classdressing.com\\\/\"},{\"@type\":\"ListItem\",\"position\":2,\"name\":\"Tienda\",\"item\":\"https:\\\/\\\/classdressing.com\\\/tienda\\\/\"},{\"@type\":\"ListItem\",\"position\":3,\"name\":\"Curso online maquillaje express\"}]},{\"@type\":\"WebSite\",\"@id\":\"https:\\\/\\\/classdressing.com\\\/#website\",\"url\":\"https:\\\/\\\/classdressing.com\\\/\",\"name\":\"Classdressing by Dafni Coc\u00f3\",\"description\":\"Academia online de feminidad y Crossdressing: maquillaje, vestuario, modales femeninos con cursos pr\u00e1cticos para crossdressers y mujeres trans.\",\"publisher\":{\"@id\":\"https:\\\/\\\/classdressing.com\\\/#organization\"},\"alternateName\":\"Classdressing\",\"potentialAction\":[{\"@type\":\"SearchAction\",\"target\":{\"@type\":\"EntryPoint\",\"urlTemplate\":\"https:\\\/\\\/classdressing.com\\\/?s={search_term_string}\"},\"query-input\":{\"@type\":\"PropertyValueSpecification\",\"valueRequired\":true,\"valueName\":\"search_term_string\"}}],\"inLanguage\":\"en-US\"},{\"@type\":\"Organization\",\"@id\":\"https:\\\/\\\/classdressing.com\\\/#organization\",\"name\":\"Classdresing\",\"url\":\"https:\\\/\\\/classdressing.com\\\/\",\"logo\":{\"@type\":\"ImageObject\",\"inLanguage\":\"en-US\",\"@id\":\"https:\\\/\\\/classdressing.com\\\/#\\\/schema\\\/logo\\\/image\\\/\",\"url\":\"https:\\\/\\\/classdressing.com\\\/wp-content\\\/uploads\\\/2024\\\/10\\\/cropped-favicon.png\",\"contentUrl\":\"https:\\\/\\\/classdressing.com\\\/wp-content\\\/uploads\\\/2024\\\/10\\\/cropped-favicon.png\",\"width\":512,\"height\":512,\"caption\":\"Classdresing\"},\"image\":{\"@id\":\"https:\\\/\\\/classdressing.com\\\/#\\\/schema\\\/logo\\\/image\\\/\"},\"sameAs\":[\"https:\\\/\\\/www.facebook.com\\\/dafnigirls\\\/\",\"https:\\\/\\\/www.instagram.com\\\/dafnigirls\\\/\",\"https:\\\/\\\/www.youtube.com\\\/user\\\/dafnicoco\"]}]}<\/script>\n<!-- \/ Yoast SEO plugin. -->","yoast_head_json":{"title":"Curso online maquillaje express | Crossdressing y feminizaci\u00f3n","description":"Aprende a maquillarte en solo 20 minutos. Gu\u00eda online para mujeres trans y crossdressers. Cuida tu piel y aprende a feminizar tu rostro desde tu casa","robots":{"index":"index","follow":"follow","max-snippet":"max-snippet:-1","max-image-preview":"max-image-preview:large","max-video-preview":"max-video-preview:-1"},"canonical":"https:\/\/classdressing.com\/en\/product\/maquillaje-express\/","og_locale":"en_US","og_type":"article","og_title":"Curso online maquillaje express | Crossdressing y feminizaci\u00f3n","og_description":"Aprende a maquillarte en solo 20 minutos. Gu\u00eda online para mujeres trans y crossdressers. Cuida tu piel y aprende a feminizar tu rostro desde tu casa","og_url":"https:\/\/classdressing.com\/en\/product\/maquillaje-express\/","og_site_name":"Classdressing - Academia online de Crossdressing y Feminidad","article_publisher":"https:\/\/www.facebook.com\/dafnigirls\/","article_modified_time":"2025-08-31T15:51:30+00:00","og_image":[{"width":1080,"height":1080,"url":"https:\/\/classdressing.com\/wp-content\/uploads\/2025\/07\/Maquillaje-Expres.jpg","type":"image\/jpeg"}],"twitter_card":"summary_large_image","twitter_misc":{"Est. reading time":"1 minute"},"schema":{"@context":"https:\/\/schema.org","@graph":[{"@type":"WebPage","@id":"https:\/\/classdressing.com\/producto\/maquillaje-express\/","url":"https:\/\/classdressing.com\/producto\/maquillaje-express\/","name":"Curso online maquillaje express | Crossdressing y feminizaci\u00f3n","isPartOf":{"@id":"https:\/\/classdressing.com\/#website"},"primaryImageOfPage":{"@id":"https:\/\/classdressing.com\/producto\/maquillaje-express\/#primaryimage"},"image":{"@id":"https:\/\/classdressing.com\/producto\/maquillaje-express\/#primaryimage"},"thumbnailUrl":"https:\/\/classdressing.com\/wp-content\/uploads\/2025\/07\/Maquillaje-Expres.jpg","datePublished":"2025-07-18T17:52:12+00:00","dateModified":"2025-08-31T15:51:30+00:00","description":"Aprende a maquillarte en solo 20 minutos. Gu\u00eda online para mujeres trans y crossdressers. Cuida tu piel y aprende a feminizar tu rostro desde tu casa","breadcrumb":{"@id":"https:\/\/classdressing.com\/producto\/maquillaje-express\/#breadcrumb"},"inLanguage":"en-US","potentialAction":[{"@type":"ReadAction","target":["https:\/\/classdressing.com\/producto\/maquillaje-express\/"]}]},{"@type":"ImageObject","inLanguage":"en-US","@id":"https:\/\/classdressing.com\/producto\/maquillaje-express\/#primaryimage","url":"https:\/\/classdressing.com\/wp-content\/uploads\/2025\/07\/Maquillaje-Expres.jpg","contentUrl":"https:\/\/classdressing.com\/wp-content\/uploads\/2025\/07\/Maquillaje-Expres.jpg","width":1080,"height":1080,"caption":"Maquillaje express"},{"@type":"BreadcrumbList","@id":"https:\/\/classdressing.com\/producto\/maquillaje-express\/#breadcrumb","itemListElement":[{"@type":"ListItem","position":1,"name":"Portada","item":"https:\/\/classdressing.com\/"},{"@type":"ListItem","position":2,"name":"Tienda","item":"https:\/\/classdressing.com\/tienda\/"},{"@type":"ListItem","position":3,"name":"Curso online maquillaje express"}]},{"@type":"WebSite","@id":"https:\/\/classdressing.com\/#website","url":"https:\/\/classdressing.com\/","name":"Classdressing by Dafni Coc\u00f3","description":"Academia online de feminidad y Crossdressing: maquillaje, vestuario, modales femeninos con cursos pr\u00e1cticos para crossdressers y mujeres trans.","publisher":{"@id":"https:\/\/classdressing.com\/#organization"},"alternateName":"Classdressing","potentialAction":[{"@type":"SearchAction","target":{"@type":"EntryPoint","urlTemplate":"https:\/\/classdressing.com\/?s={search_term_string}"},"query-input":{"@type":"PropertyValueSpecification","valueRequired":true,"valueName":"search_term_string"}}],"inLanguage":"en-US"},{"@type":"Organization","@id":"https:\/\/classdressing.com\/#organization","name":"Classdresing","url":"https:\/\/classdressing.com\/","logo":{"@type":"ImageObject","inLanguage":"en-US","@id":"https:\/\/classdressing.com\/#\/schema\/logo\/image\/","url":"https:\/\/classdressing.com\/wp-content\/uploads\/2024\/10\/cropped-favicon.png","contentUrl":"https:\/\/classdressing.com\/wp-content\/uploads\/2024\/10\/cropped-favicon.png","width":512,"height":512,"caption":"Classdresing"},"image":{"@id":"https:\/\/classdressing.com\/#\/schema\/logo\/image\/"},"sameAs":["https:\/\/www.facebook.com\/dafnigirls\/","https:\/\/www.instagram.com\/dafnigirls\/","https:\/\/www.youtube.com\/user\/dafnicoco"]}]}},"_links":{"self":[{"href":"https:\/\/classdressing.com\/en\/wp-json\/wp\/v2\/product\/56889","targetHints":{"allow":["GET"]}}],"collection":[{"href":"https:\/\/classdressing.com\/en\/wp-json\/wp\/v2\/product"}],"about":[{"href":"https:\/\/classdressing.com\/en\/wp-json\/wp\/v2\/types\/product"}],"replies":[{"embeddable":true,"href":"https:\/\/classdressing.com\/en\/wp-json\/wp\/v2\/comments?post=56889"}],"wp:featuredmedia":[{"embeddable":true,"href":"https:\/\/classdressing.com\/en\/wp-json\/wp\/v2\/media\/56531"}],"wp:attachment":[{"href":"https:\/\/classdressing.com\/en\/wp-json\/wp\/v2\/media?parent=56889"}],"wp:term":[{"taxonomy":"product_brand","embeddable":true,"href":"https:\/\/classdressing.com\/en\/wp-json\/wp\/v2\/product_brand?post=56889"},{"taxonomy":"product_cat","embeddable":true,"href":"https:\/\/classdressing.com\/en\/wp-json\/wp\/v2\/product_cat?post=56889"},{"taxonomy":"product_tag","embeddable":true,"href":"https:\/\/classdressing.com\/en\/wp-json\/wp\/v2\/product_tag?post=56889"}],"curies":[{"name":"wp","href":"https:\/\/api.w.org\/{rel}","templated":true}]}}