{"id":56887,"date":"2025-07-18T19:50:22","date_gmt":"2025-07-18T17:50:22","guid":{"rendered":"https:\/\/classdressing.com\/?post_type=product&#038;p=56887"},"modified":"2025-08-31T17:23:36","modified_gmt":"2025-08-31T15:23:36","slug":"maquillaje-de-ojos","status":"publish","type":"product","link":"https:\/\/classdressing.com\/en\/product\/maquillaje-de-ojos\/","title":{"rendered":"Maquillaje de ojos"},"content":{"rendered":"<p>Descubre nuestro tutorial online de maquillaje de ojos b\u00e1sico, pensado para quienes quieren iniciarse en el arte de resaltar su mirada. Con este curso aprender\u00e1s a maquillar tus ojos paso a paso y a delinearlos de manera sencilla, logrando un acabado femenino y expresivo.<\/p>\n<p>Incluye dos tutoriales en uno, con t\u00e9cnicas f\u00e1ciles de seguir desde la comodidad de tu casa. Est\u00e1 especialmente dise\u00f1ado para mujeres trans y crossdressers que desean mejorar su feminidad a trav\u00e9s del maquillaje de ojos.<\/p>\n<p>No necesitas experiencia previa: con nuestros consejos pr\u00e1cticos podr\u00e1s realzar tu belleza natural y feminizar tu rostro de manera simple y efectiva.<\/p>","protected":false},"excerpt":{"rendered":"<p>Basic eye makeup online tutorial. Learn to apply and outline your eyes in two simple lessons. Perfect for trans women and crossdressers.<\/p>","protected":false},"featured_media":56532,"comment_status":"open","ping_status":"closed","template":"","meta":[],"product_brand":[],"product_cat":[89],"product_tag":[],"class_list":{"0":"post-56887","1":"product","2":"type-product","3":"status-publish","4":"has-post-thumbnail","6":"product_cat-sin-categorizar","8":"first","9":"instock","10":"downloadable","11":"virtual","12":"purchasable","13":"product-type-simple"},"yoast_head":"<!-- This site is optimized with the Yoast SEO plugin v27.3 - https:\/\/yoast.com\/product\/yoast-seo-wordpress\/ -->\n<title>Maquillaje de ojos | Curso online<\/title>\n<meta name=\"description\" content=\"Gu\u00eda online de maquillaje de ojos b\u00e1sico: aprende a maquillar y delinear tus ojos paso a paso. Ideal para mujeres trans y crossdressers.\" \/>\n<meta name=\"robots\" content=\"index, follow, max-snippet:-1, max-image-preview:large, max-video-preview:-1\" \/>\n<link rel=\"canonical\" href=\"https:\/\/classdressing.com\/en\/product\/maquillaje-de-ojos\/\" \/>\n<meta property=\"og:locale\" content=\"en_US\" \/>\n<meta property=\"og:type\" content=\"article\" \/>\n<meta property=\"og:title\" content=\"Maquillaje de ojos | Curso online\" \/>\n<meta property=\"og:description\" content=\"Gu\u00eda online de maquillaje de ojos b\u00e1sico: aprende a maquillar y delinear tus ojos paso a paso. Ideal para mujeres trans y crossdressers.\" \/>\n<meta property=\"og:url\" content=\"https:\/\/classdressing.com\/en\/product\/maquillaje-de-ojos\/\" \/>\n<meta property=\"og:site_name\" content=\"Classdressing - Academia online de Crossdressing y Feminidad\" \/>\n<meta property=\"article:publisher\" content=\"https:\/\/www.facebook.com\/dafnigirls\/\" \/>\n<meta property=\"article:modified_time\" content=\"2025-08-31T15:23:36+00:00\" \/>\n<meta property=\"og:image\" content=\"https:\/\/classdressing.com\/wp-content\/uploads\/2025\/07\/Maquillaje-de-ojos.png\" \/>\n\t<meta property=\"og:image:width\" content=\"1024\" \/>\n\t<meta property=\"og:image:height\" content=\"1024\" \/>\n\t<meta property=\"og:image:type\" content=\"image\/png\" \/>\n<meta name=\"twitter:card\" content=\"summary_large_image\" \/>\n<meta name=\"twitter:label1\" content=\"Est. reading time\" \/>\n\t<meta name=\"twitter:data1\" content=\"1 minute\" \/>\n<script type=\"application\/ld+json\" class=\"yoast-schema-graph\">{\"@context\":\"https:\\\/\\\/schema.org\",\"@graph\":[{\"@type\":\"WebPage\",\"@id\":\"https:\\\/\\\/classdressing.com\\\/producto\\\/maquillaje-de-ojos\\\/\",\"url\":\"https:\\\/\\\/classdressing.com\\\/producto\\\/maquillaje-de-ojos\\\/\",\"name\":\"Maquillaje de ojos | Curso online\",\"isPartOf\":{\"@id\":\"https:\\\/\\\/classdressing.com\\\/#website\"},\"primaryImageOfPage\":{\"@id\":\"https:\\\/\\\/classdressing.com\\\/producto\\\/maquillaje-de-ojos\\\/#primaryimage\"},\"image\":{\"@id\":\"https:\\\/\\\/classdressing.com\\\/producto\\\/maquillaje-de-ojos\\\/#primaryimage\"},\"thumbnailUrl\":\"https:\\\/\\\/classdressing.com\\\/wp-content\\\/uploads\\\/2025\\\/07\\\/Maquillaje-de-ojos.png\",\"datePublished\":\"2025-07-18T17:50:22+00:00\",\"dateModified\":\"2025-08-31T15:23:36+00:00\",\"description\":\"Gu\u00eda online de maquillaje de ojos b\u00e1sico: aprende a maquillar y delinear tus ojos paso a paso. Ideal para mujeres trans y crossdressers.\",\"breadcrumb\":{\"@id\":\"https:\\\/\\\/classdressing.com\\\/producto\\\/maquillaje-de-ojos\\\/#breadcrumb\"},\"inLanguage\":\"en-US\",\"potentialAction\":[{\"@type\":\"ReadAction\",\"target\":[\"https:\\\/\\\/classdressing.com\\\/producto\\\/maquillaje-de-ojos\\\/\"]}]},{\"@type\":\"ImageObject\",\"inLanguage\":\"en-US\",\"@id\":\"https:\\\/\\\/classdressing.com\\\/producto\\\/maquillaje-de-ojos\\\/#primaryimage\",\"url\":\"https:\\\/\\\/classdressing.com\\\/wp-content\\\/uploads\\\/2025\\\/07\\\/Maquillaje-de-ojos.png\",\"contentUrl\":\"https:\\\/\\\/classdressing.com\\\/wp-content\\\/uploads\\\/2025\\\/07\\\/Maquillaje-de-ojos.png\",\"width\":1024,\"height\":1024,\"caption\":\"Maquillaje de ojos\"},{\"@type\":\"BreadcrumbList\",\"@id\":\"https:\\\/\\\/classdressing.com\\\/producto\\\/maquillaje-de-ojos\\\/#breadcrumb\",\"itemListElement\":[{\"@type\":\"ListItem\",\"position\":1,\"name\":\"Portada\",\"item\":\"https:\\\/\\\/classdressing.com\\\/\"},{\"@type\":\"ListItem\",\"position\":2,\"name\":\"Tienda\",\"item\":\"https:\\\/\\\/classdressing.com\\\/tienda\\\/\"},{\"@type\":\"ListItem\",\"position\":3,\"name\":\"Maquillaje de ojos\"}]},{\"@type\":\"WebSite\",\"@id\":\"https:\\\/\\\/classdressing.com\\\/#website\",\"url\":\"https:\\\/\\\/classdressing.com\\\/\",\"name\":\"Classdressing by Dafni Coc\u00f3\",\"description\":\"Academia online de feminidad y Crossdressing: maquillaje, vestuario, modales femeninos con cursos pr\u00e1cticos para crossdressers y mujeres trans.\",\"publisher\":{\"@id\":\"https:\\\/\\\/classdressing.com\\\/#organization\"},\"alternateName\":\"Classdressing\",\"potentialAction\":[{\"@type\":\"SearchAction\",\"target\":{\"@type\":\"EntryPoint\",\"urlTemplate\":\"https:\\\/\\\/classdressing.com\\\/?s={search_term_string}\"},\"query-input\":{\"@type\":\"PropertyValueSpecification\",\"valueRequired\":true,\"valueName\":\"search_term_string\"}}],\"inLanguage\":\"en-US\"},{\"@type\":\"Organization\",\"@id\":\"https:\\\/\\\/classdressing.com\\\/#organization\",\"name\":\"Classdresing\",\"url\":\"https:\\\/\\\/classdressing.com\\\/\",\"logo\":{\"@type\":\"ImageObject\",\"inLanguage\":\"en-US\",\"@id\":\"https:\\\/\\\/classdressing.com\\\/#\\\/schema\\\/logo\\\/image\\\/\",\"url\":\"https:\\\/\\\/classdressing.com\\\/wp-content\\\/uploads\\\/2024\\\/10\\\/cropped-favicon.png\",\"contentUrl\":\"https:\\\/\\\/classdressing.com\\\/wp-content\\\/uploads\\\/2024\\\/10\\\/cropped-favicon.png\",\"width\":512,\"height\":512,\"caption\":\"Classdresing\"},\"image\":{\"@id\":\"https:\\\/\\\/classdressing.com\\\/#\\\/schema\\\/logo\\\/image\\\/\"},\"sameAs\":[\"https:\\\/\\\/www.facebook.com\\\/dafnigirls\\\/\",\"https:\\\/\\\/www.instagram.com\\\/dafnigirls\\\/\",\"https:\\\/\\\/www.youtube.com\\\/user\\\/dafnicoco\"]}]}<\/script>\n<!-- \/ Yoast SEO plugin. -->","yoast_head_json":{"title":"Maquillaje de ojos | Curso online","description":"Gu\u00eda online de maquillaje de ojos b\u00e1sico: aprende a maquillar y delinear tus ojos paso a paso. Ideal para mujeres trans y crossdressers.","robots":{"index":"index","follow":"follow","max-snippet":"max-snippet:-1","max-image-preview":"max-image-preview:large","max-video-preview":"max-video-preview:-1"},"canonical":"https:\/\/classdressing.com\/en\/product\/maquillaje-de-ojos\/","og_locale":"en_US","og_type":"article","og_title":"Maquillaje de ojos | Curso online","og_description":"Gu\u00eda online de maquillaje de ojos b\u00e1sico: aprende a maquillar y delinear tus ojos paso a paso. Ideal para mujeres trans y crossdressers.","og_url":"https:\/\/classdressing.com\/en\/product\/maquillaje-de-ojos\/","og_site_name":"Classdressing - Academia online de Crossdressing y Feminidad","article_publisher":"https:\/\/www.facebook.com\/dafnigirls\/","article_modified_time":"2025-08-31T15:23:36+00:00","og_image":[{"width":1024,"height":1024,"url":"https:\/\/classdressing.com\/wp-content\/uploads\/2025\/07\/Maquillaje-de-ojos.png","type":"image\/png"}],"twitter_card":"summary_large_image","twitter_misc":{"Est. reading time":"1 minute"},"schema":{"@context":"https:\/\/schema.org","@graph":[{"@type":"WebPage","@id":"https:\/\/classdressing.com\/producto\/maquillaje-de-ojos\/","url":"https:\/\/classdressing.com\/producto\/maquillaje-de-ojos\/","name":"Maquillaje de ojos | Curso online","isPartOf":{"@id":"https:\/\/classdressing.com\/#website"},"primaryImageOfPage":{"@id":"https:\/\/classdressing.com\/producto\/maquillaje-de-ojos\/#primaryimage"},"image":{"@id":"https:\/\/classdressing.com\/producto\/maquillaje-de-ojos\/#primaryimage"},"thumbnailUrl":"https:\/\/classdressing.com\/wp-content\/uploads\/2025\/07\/Maquillaje-de-ojos.png","datePublished":"2025-07-18T17:50:22+00:00","dateModified":"2025-08-31T15:23:36+00:00","description":"Gu\u00eda online de maquillaje de ojos b\u00e1sico: aprende a maquillar y delinear tus ojos paso a paso. Ideal para mujeres trans y crossdressers.","breadcrumb":{"@id":"https:\/\/classdressing.com\/producto\/maquillaje-de-ojos\/#breadcrumb"},"inLanguage":"en-US","potentialAction":[{"@type":"ReadAction","target":["https:\/\/classdressing.com\/producto\/maquillaje-de-ojos\/"]}]},{"@type":"ImageObject","inLanguage":"en-US","@id":"https:\/\/classdressing.com\/producto\/maquillaje-de-ojos\/#primaryimage","url":"https:\/\/classdressing.com\/wp-content\/uploads\/2025\/07\/Maquillaje-de-ojos.png","contentUrl":"https:\/\/classdressing.com\/wp-content\/uploads\/2025\/07\/Maquillaje-de-ojos.png","width":1024,"height":1024,"caption":"Maquillaje de ojos"},{"@type":"BreadcrumbList","@id":"https:\/\/classdressing.com\/producto\/maquillaje-de-ojos\/#breadcrumb","itemListElement":[{"@type":"ListItem","position":1,"name":"Portada","item":"https:\/\/classdressing.com\/"},{"@type":"ListItem","position":2,"name":"Tienda","item":"https:\/\/classdressing.com\/tienda\/"},{"@type":"ListItem","position":3,"name":"Maquillaje de ojos"}]},{"@type":"WebSite","@id":"https:\/\/classdressing.com\/#website","url":"https:\/\/classdressing.com\/","name":"Classdressing by Dafni Coc\u00f3","description":"Academia online de feminidad y Crossdressing: maquillaje, vestuario, modales femeninos con cursos pr\u00e1cticos para crossdressers y mujeres trans.","publisher":{"@id":"https:\/\/classdressing.com\/#organization"},"alternateName":"Classdressing","potentialAction":[{"@type":"SearchAction","target":{"@type":"EntryPoint","urlTemplate":"https:\/\/classdressing.com\/?s={search_term_string}"},"query-input":{"@type":"PropertyValueSpecification","valueRequired":true,"valueName":"search_term_string"}}],"inLanguage":"en-US"},{"@type":"Organization","@id":"https:\/\/classdressing.com\/#organization","name":"Classdresing","url":"https:\/\/classdressing.com\/","logo":{"@type":"ImageObject","inLanguage":"en-US","@id":"https:\/\/classdressing.com\/#\/schema\/logo\/image\/","url":"https:\/\/classdressing.com\/wp-content\/uploads\/2024\/10\/cropped-favicon.png","contentUrl":"https:\/\/classdressing.com\/wp-content\/uploads\/2024\/10\/cropped-favicon.png","width":512,"height":512,"caption":"Classdresing"},"image":{"@id":"https:\/\/classdressing.com\/#\/schema\/logo\/image\/"},"sameAs":["https:\/\/www.facebook.com\/dafnigirls\/","https:\/\/www.instagram.com\/dafnigirls\/","https:\/\/www.youtube.com\/user\/dafnicoco"]}]}},"_links":{"self":[{"href":"https:\/\/classdressing.com\/en\/wp-json\/wp\/v2\/product\/56887","targetHints":{"allow":["GET"]}}],"collection":[{"href":"https:\/\/classdressing.com\/en\/wp-json\/wp\/v2\/product"}],"about":[{"href":"https:\/\/classdressing.com\/en\/wp-json\/wp\/v2\/types\/product"}],"replies":[{"embeddable":true,"href":"https:\/\/classdressing.com\/en\/wp-json\/wp\/v2\/comments?post=56887"}],"wp:featuredmedia":[{"embeddable":true,"href":"https:\/\/classdressing.com\/en\/wp-json\/wp\/v2\/media\/56532"}],"wp:attachment":[{"href":"https:\/\/classdressing.com\/en\/wp-json\/wp\/v2\/media?parent=56887"}],"wp:term":[{"taxonomy":"product_brand","embeddable":true,"href":"https:\/\/classdressing.com\/en\/wp-json\/wp\/v2\/product_brand?post=56887"},{"taxonomy":"product_cat","embeddable":true,"href":"https:\/\/classdressing.com\/en\/wp-json\/wp\/v2\/product_cat?post=56887"},{"taxonomy":"product_tag","embeddable":true,"href":"https:\/\/classdressing.com\/en\/wp-json\/wp\/v2\/product_tag?post=56887"}],"curies":[{"name":"wp","href":"https:\/\/api.w.org\/{rel}","templated":true}]}}