{"id":56231,"date":"2025-06-26T21:17:17","date_gmt":"2025-06-26T19:17:17","guid":{"rendered":"https:\/\/classdressing.com\/?post_type=product&#038;p=56231"},"modified":"2026-03-16T12:24:51","modified_gmt":"2026-03-16T11:24:51","slug":"feminidad-sin-limites","status":"publish","type":"product","link":"https:\/\/classdressing.com\/en\/product\/feminidad-sin-limites\/","title":{"rendered":"Feminidad sin limites"},"content":{"rendered":"<p>Descubre Feminidad Sin L\u00edmites, la gu\u00eda online m\u00e1s completa de feminidad y crossdressing, creada para acompa\u00f1arte en tu camino hacia ser mujer, sentirte mujer y vivir tu feminidad sin barreras.<\/p>\n<p>Con una colecci\u00f3n de tutoriales exclusivos, aprender\u00e1s a vestirte de mujer con estilo, elegir la ropa adecuada para tu tipolog\u00eda, dominar el maquillaje de feminizaci\u00f3n y perfeccionar tus modales y gestos femeninos. Cada lecci\u00f3n est\u00e1 dise\u00f1ada para ayudarte a feminizarte paso a paso, transformando tu imagen y aumentando tu confianza personal.<\/p>\n<p>Esta gu\u00eda est\u00e1 pensada para mujeres trans y crossdressers que buscan una experiencia completa, desde el maquillaje y la moda hasta la actitud y el lenguaje corporal. Todo lo que necesitas para expresar tu feminidad y descubrir tu mejor versi\u00f3n est\u00e1 reunido en un solo curso.<\/p>\n<p>Empieza hoy tu viaje de feminizaci\u00f3n total y vive la libertad de mostrarte como siempre has so\u00f1ado: aut\u00e9ntica, femenina y segura.<\/p>","protected":false},"excerpt":{"rendered":"<p>Feminidad Sin L\u00edmites: la gu\u00eda m\u00e1s completa de crossdressing. Aprende a vestirte de mujer, maquillarte y feminizar tu imagen con estilo y confianza.<\/p>","protected":false},"featured_media":54060,"comment_status":"open","ping_status":"closed","template":"","meta":[],"product_brand":[],"product_cat":[89],"product_tag":[],"class_list":{"0":"post-56231","1":"product","2":"type-product","3":"status-publish","4":"has-post-thumbnail","6":"product_cat-sin-categorizar","8":"first","9":"instock","10":"downloadable","11":"virtual","12":"purchasable","13":"product-type-simple"},"yoast_head":"<!-- This site is optimized with the Yoast SEO plugin v27.3 - https:\/\/yoast.com\/product\/yoast-seo-wordpress\/ -->\n<title>Feminidad sin limites | Classdressing - Academia online de Crossdressing y Feminidad<\/title>\n<meta name=\"description\" content=\"La gu\u00eda m\u00e1s completa de feminidad online para crossdressers. Maquillaje, vestuario, modales femeninos y todo lo que necesitas para feminizarte desde casa.\" \/>\n<meta name=\"robots\" content=\"index, follow, max-snippet:-1, max-image-preview:large, max-video-preview:-1\" \/>\n<link rel=\"canonical\" href=\"https:\/\/classdressing.com\/en\/product\/feminidad-sin-limites\/\" \/>\n<meta property=\"og:locale\" content=\"en_US\" \/>\n<meta property=\"og:type\" content=\"article\" \/>\n<meta property=\"og:title\" content=\"Feminidad sin limites | Classdressing - Academia online de Crossdressing y Feminidad\" \/>\n<meta property=\"og:description\" content=\"La gu\u00eda m\u00e1s completa de feminidad online para crossdressers. Maquillaje, vestuario, modales femeninos y todo lo que necesitas para feminizarte desde casa.\" \/>\n<meta property=\"og:url\" content=\"https:\/\/classdressing.com\/en\/product\/feminidad-sin-limites\/\" \/>\n<meta property=\"og:site_name\" content=\"Classdressing - Academia online de Crossdressing y Feminidad\" \/>\n<meta property=\"article:publisher\" content=\"https:\/\/www.facebook.com\/dafnigirls\/\" \/>\n<meta property=\"article:modified_time\" content=\"2026-03-16T11:24:51+00:00\" \/>\n<meta property=\"og:image\" content=\"https:\/\/classdressing.com\/wp-content\/uploads\/2024\/11\/Feminidad-sin-limites-1.png\" \/>\n\t<meta property=\"og:image:width\" content=\"900\" \/>\n\t<meta property=\"og:image:height\" content=\"1200\" \/>\n\t<meta property=\"og:image:type\" content=\"image\/png\" \/>\n<meta name=\"twitter:card\" content=\"summary_large_image\" \/>\n<meta name=\"twitter:label1\" content=\"Est. reading time\" \/>\n\t<meta name=\"twitter:data1\" content=\"1 minute\" \/>\n<script type=\"application\/ld+json\" class=\"yoast-schema-graph\">{\"@context\":\"https:\\\/\\\/schema.org\",\"@graph\":[{\"@type\":\"WebPage\",\"@id\":\"https:\\\/\\\/classdressing.com\\\/producto\\\/feminidad-sin-limites\\\/\",\"url\":\"https:\\\/\\\/classdressing.com\\\/producto\\\/feminidad-sin-limites\\\/\",\"name\":\"Feminidad sin limites | Classdressing - Academia online de Crossdressing y Feminidad\",\"isPartOf\":{\"@id\":\"https:\\\/\\\/classdressing.com\\\/#website\"},\"primaryImageOfPage\":{\"@id\":\"https:\\\/\\\/classdressing.com\\\/producto\\\/feminidad-sin-limites\\\/#primaryimage\"},\"image\":{\"@id\":\"https:\\\/\\\/classdressing.com\\\/producto\\\/feminidad-sin-limites\\\/#primaryimage\"},\"thumbnailUrl\":\"https:\\\/\\\/classdressing.com\\\/wp-content\\\/uploads\\\/2024\\\/11\\\/Feminidad-sin-limites-1.png\",\"datePublished\":\"2025-06-26T19:17:17+00:00\",\"dateModified\":\"2026-03-16T11:24:51+00:00\",\"description\":\"La gu\u00eda m\u00e1s completa de feminidad online para crossdressers. Maquillaje, vestuario, modales femeninos y todo lo que necesitas para feminizarte desde casa.\",\"breadcrumb\":{\"@id\":\"https:\\\/\\\/classdressing.com\\\/producto\\\/feminidad-sin-limites\\\/#breadcrumb\"},\"inLanguage\":\"en-US\",\"potentialAction\":[{\"@type\":\"ReadAction\",\"target\":[\"https:\\\/\\\/classdressing.com\\\/producto\\\/feminidad-sin-limites\\\/\"]}]},{\"@type\":\"ImageObject\",\"inLanguage\":\"en-US\",\"@id\":\"https:\\\/\\\/classdressing.com\\\/producto\\\/feminidad-sin-limites\\\/#primaryimage\",\"url\":\"https:\\\/\\\/classdressing.com\\\/wp-content\\\/uploads\\\/2024\\\/11\\\/Feminidad-sin-limites-1.png\",\"contentUrl\":\"https:\\\/\\\/classdressing.com\\\/wp-content\\\/uploads\\\/2024\\\/11\\\/Feminidad-sin-limites-1.png\",\"width\":900,\"height\":1200,\"caption\":\"Feminidad sin l\u00edmites\"},{\"@type\":\"BreadcrumbList\",\"@id\":\"https:\\\/\\\/classdressing.com\\\/producto\\\/feminidad-sin-limites\\\/#breadcrumb\",\"itemListElement\":[{\"@type\":\"ListItem\",\"position\":1,\"name\":\"Portada\",\"item\":\"https:\\\/\\\/classdressing.com\\\/\"},{\"@type\":\"ListItem\",\"position\":2,\"name\":\"Tienda\",\"item\":\"https:\\\/\\\/classdressing.com\\\/tienda\\\/\"},{\"@type\":\"ListItem\",\"position\":3,\"name\":\"Feminidad sin limites\"}]},{\"@type\":\"WebSite\",\"@id\":\"https:\\\/\\\/classdressing.com\\\/#website\",\"url\":\"https:\\\/\\\/classdressing.com\\\/\",\"name\":\"Classdressing by Dafni Coc\u00f3\",\"description\":\"Academia online de feminidad y Crossdressing: maquillaje, vestuario, modales femeninos con cursos pr\u00e1cticos para crossdressers y mujeres trans.\",\"publisher\":{\"@id\":\"https:\\\/\\\/classdressing.com\\\/#organization\"},\"alternateName\":\"Classdressing\",\"potentialAction\":[{\"@type\":\"SearchAction\",\"target\":{\"@type\":\"EntryPoint\",\"urlTemplate\":\"https:\\\/\\\/classdressing.com\\\/?s={search_term_string}\"},\"query-input\":{\"@type\":\"PropertyValueSpecification\",\"valueRequired\":true,\"valueName\":\"search_term_string\"}}],\"inLanguage\":\"en-US\"},{\"@type\":\"Organization\",\"@id\":\"https:\\\/\\\/classdressing.com\\\/#organization\",\"name\":\"Classdresing\",\"url\":\"https:\\\/\\\/classdressing.com\\\/\",\"logo\":{\"@type\":\"ImageObject\",\"inLanguage\":\"en-US\",\"@id\":\"https:\\\/\\\/classdressing.com\\\/#\\\/schema\\\/logo\\\/image\\\/\",\"url\":\"https:\\\/\\\/classdressing.com\\\/wp-content\\\/uploads\\\/2024\\\/10\\\/cropped-favicon.png\",\"contentUrl\":\"https:\\\/\\\/classdressing.com\\\/wp-content\\\/uploads\\\/2024\\\/10\\\/cropped-favicon.png\",\"width\":512,\"height\":512,\"caption\":\"Classdresing\"},\"image\":{\"@id\":\"https:\\\/\\\/classdressing.com\\\/#\\\/schema\\\/logo\\\/image\\\/\"},\"sameAs\":[\"https:\\\/\\\/www.facebook.com\\\/dafnigirls\\\/\",\"https:\\\/\\\/www.instagram.com\\\/dafnigirls\\\/\",\"https:\\\/\\\/www.youtube.com\\\/user\\\/dafnicoco\"]}]}<\/script>\n<!-- \/ Yoast SEO plugin. -->","yoast_head_json":{"title":"Feminidad sin limites | Classdressing - Academia online de Crossdressing y Feminidad","description":"La gu\u00eda m\u00e1s completa de feminidad online para crossdressers. Maquillaje, vestuario, modales femeninos y todo lo que necesitas para feminizarte desde casa.","robots":{"index":"index","follow":"follow","max-snippet":"max-snippet:-1","max-image-preview":"max-image-preview:large","max-video-preview":"max-video-preview:-1"},"canonical":"https:\/\/classdressing.com\/en\/product\/feminidad-sin-limites\/","og_locale":"en_US","og_type":"article","og_title":"Feminidad sin limites | Classdressing - Academia online de Crossdressing y Feminidad","og_description":"La gu\u00eda m\u00e1s completa de feminidad online para crossdressers. Maquillaje, vestuario, modales femeninos y todo lo que necesitas para feminizarte desde casa.","og_url":"https:\/\/classdressing.com\/en\/product\/feminidad-sin-limites\/","og_site_name":"Classdressing - Academia online de Crossdressing y Feminidad","article_publisher":"https:\/\/www.facebook.com\/dafnigirls\/","article_modified_time":"2026-03-16T11:24:51+00:00","og_image":[{"width":900,"height":1200,"url":"https:\/\/classdressing.com\/wp-content\/uploads\/2024\/11\/Feminidad-sin-limites-1.png","type":"image\/png"}],"twitter_card":"summary_large_image","twitter_misc":{"Est. reading time":"1 minute"},"schema":{"@context":"https:\/\/schema.org","@graph":[{"@type":"WebPage","@id":"https:\/\/classdressing.com\/producto\/feminidad-sin-limites\/","url":"https:\/\/classdressing.com\/producto\/feminidad-sin-limites\/","name":"Feminidad sin limites | Classdressing - Academia online de Crossdressing y Feminidad","isPartOf":{"@id":"https:\/\/classdressing.com\/#website"},"primaryImageOfPage":{"@id":"https:\/\/classdressing.com\/producto\/feminidad-sin-limites\/#primaryimage"},"image":{"@id":"https:\/\/classdressing.com\/producto\/feminidad-sin-limites\/#primaryimage"},"thumbnailUrl":"https:\/\/classdressing.com\/wp-content\/uploads\/2024\/11\/Feminidad-sin-limites-1.png","datePublished":"2025-06-26T19:17:17+00:00","dateModified":"2026-03-16T11:24:51+00:00","description":"La gu\u00eda m\u00e1s completa de feminidad online para crossdressers. Maquillaje, vestuario, modales femeninos y todo lo que necesitas para feminizarte desde casa.","breadcrumb":{"@id":"https:\/\/classdressing.com\/producto\/feminidad-sin-limites\/#breadcrumb"},"inLanguage":"en-US","potentialAction":[{"@type":"ReadAction","target":["https:\/\/classdressing.com\/producto\/feminidad-sin-limites\/"]}]},{"@type":"ImageObject","inLanguage":"en-US","@id":"https:\/\/classdressing.com\/producto\/feminidad-sin-limites\/#primaryimage","url":"https:\/\/classdressing.com\/wp-content\/uploads\/2024\/11\/Feminidad-sin-limites-1.png","contentUrl":"https:\/\/classdressing.com\/wp-content\/uploads\/2024\/11\/Feminidad-sin-limites-1.png","width":900,"height":1200,"caption":"Feminidad sin l\u00edmites"},{"@type":"BreadcrumbList","@id":"https:\/\/classdressing.com\/producto\/feminidad-sin-limites\/#breadcrumb","itemListElement":[{"@type":"ListItem","position":1,"name":"Portada","item":"https:\/\/classdressing.com\/"},{"@type":"ListItem","position":2,"name":"Tienda","item":"https:\/\/classdressing.com\/tienda\/"},{"@type":"ListItem","position":3,"name":"Feminidad sin limites"}]},{"@type":"WebSite","@id":"https:\/\/classdressing.com\/#website","url":"https:\/\/classdressing.com\/","name":"Classdressing by Dafni Coc\u00f3","description":"Academia online de feminidad y Crossdressing: maquillaje, vestuario, modales femeninos con cursos pr\u00e1cticos para crossdressers y mujeres trans.","publisher":{"@id":"https:\/\/classdressing.com\/#organization"},"alternateName":"Classdressing","potentialAction":[{"@type":"SearchAction","target":{"@type":"EntryPoint","urlTemplate":"https:\/\/classdressing.com\/?s={search_term_string}"},"query-input":{"@type":"PropertyValueSpecification","valueRequired":true,"valueName":"search_term_string"}}],"inLanguage":"en-US"},{"@type":"Organization","@id":"https:\/\/classdressing.com\/#organization","name":"Classdresing","url":"https:\/\/classdressing.com\/","logo":{"@type":"ImageObject","inLanguage":"en-US","@id":"https:\/\/classdressing.com\/#\/schema\/logo\/image\/","url":"https:\/\/classdressing.com\/wp-content\/uploads\/2024\/10\/cropped-favicon.png","contentUrl":"https:\/\/classdressing.com\/wp-content\/uploads\/2024\/10\/cropped-favicon.png","width":512,"height":512,"caption":"Classdresing"},"image":{"@id":"https:\/\/classdressing.com\/#\/schema\/logo\/image\/"},"sameAs":["https:\/\/www.facebook.com\/dafnigirls\/","https:\/\/www.instagram.com\/dafnigirls\/","https:\/\/www.youtube.com\/user\/dafnicoco"]}]}},"_links":{"self":[{"href":"https:\/\/classdressing.com\/en\/wp-json\/wp\/v2\/product\/56231","targetHints":{"allow":["GET"]}}],"collection":[{"href":"https:\/\/classdressing.com\/en\/wp-json\/wp\/v2\/product"}],"about":[{"href":"https:\/\/classdressing.com\/en\/wp-json\/wp\/v2\/types\/product"}],"replies":[{"embeddable":true,"href":"https:\/\/classdressing.com\/en\/wp-json\/wp\/v2\/comments?post=56231"}],"wp:featuredmedia":[{"embeddable":true,"href":"https:\/\/classdressing.com\/en\/wp-json\/wp\/v2\/media\/54060"}],"wp:attachment":[{"href":"https:\/\/classdressing.com\/en\/wp-json\/wp\/v2\/media?parent=56231"}],"wp:term":[{"taxonomy":"product_brand","embeddable":true,"href":"https:\/\/classdressing.com\/en\/wp-json\/wp\/v2\/product_brand?post=56231"},{"taxonomy":"product_cat","embeddable":true,"href":"https:\/\/classdressing.com\/en\/wp-json\/wp\/v2\/product_cat?post=56231"},{"taxonomy":"product_tag","embeddable":true,"href":"https:\/\/classdressing.com\/en\/wp-json\/wp\/v2\/product_tag?post=56231"}],"curies":[{"name":"wp","href":"https:\/\/api.w.org\/{rel}","templated":true}]}}