{"id":56229,"date":"2025-06-26T21:13:42","date_gmt":"2025-06-26T19:13:42","guid":{"rendered":"https:\/\/classdressing.com\/?post_type=product&#038;p=56229"},"modified":"2026-03-16T12:25:43","modified_gmt":"2026-03-16T11:25:43","slug":"vestir-con-clase","status":"publish","type":"product","link":"https:\/\/classdressing.com\/en\/product\/vestir-con-clase\/","title":{"rendered":"Curso online Vestir con Clase"},"content":{"rendered":"<p>Descubre Vestir con clase, un curso online de moda y feminizaci\u00f3n dise\u00f1ado para ayudarte a expresar tu feminidad a trav\u00e9s del vestuario. Con m\u00faltiples tutoriales, aprender\u00e1s a identificar tu tipolog\u00eda corporal, elegir las prendas que m\u00e1s favorecen tu silueta y crear combinaciones elegantes y aut\u00e9nticas.<\/p>\n<p>A lo largo de 7 lecciones completas, te ense\u00f1aremos a combinar outfits, colores, tejidos y accesorios, as\u00ed como a elegir la ropa interior adecuada para potenciar tu figura y feminizar tu cuerpo. Tambi\u00e9n aprender\u00e1s todo lo que debes tener en cuenta antes de ir de compras, desde el corte de las prendas hasta la elecci\u00f3n de materiales que realcen tu feminidad.<\/p>\n<p>Este curso est\u00e1 pensado para mujeres trans y crossdressers que desean mejorar su estilo, aumentar la confianza y reflejar una imagen femenina cuidada y con clase.<\/p>\n<p>Empieza hoy tu camino hacia una apariencia m\u00e1s elegante y descubre c\u00f3mo vestir con clase puede transformar tu feminidad.<\/p>","protected":false},"excerpt":{"rendered":"<p>Vestir con clase: curso online de moda y feminizaci\u00f3n. Aprende tipolog\u00eda, outfits, colores y ropa interior para mujeres trans y crossdressers.<\/p>","protected":false},"featured_media":53931,"comment_status":"open","ping_status":"closed","template":"","meta":[],"product_brand":[],"product_cat":[89],"product_tag":[],"class_list":{"0":"post-56229","1":"product","2":"type-product","3":"status-publish","4":"has-post-thumbnail","6":"product_cat-sin-categorizar","8":"first","9":"instock","10":"downloadable","11":"virtual","12":"purchasable","13":"product-type-simple"},"yoast_head":"<!-- This site is optimized with the Yoast SEO plugin v27.3 - https:\/\/yoast.com\/product\/yoast-seo-wordpress\/ -->\n<title>Curso online Vestir con Clase | Moda y feminizaci\u00f3n | Classdressing<\/title>\n<meta name=\"description\" content=\"Feminizaci\u00f3n corporal: Gu\u00eda online para mujeres trans y crossdressers. Descubre tu tipolog\u00eda, estilo y aprende a comprar ropa que potencie tu feminidad.\" \/>\n<meta name=\"robots\" content=\"index, follow, max-snippet:-1, max-image-preview:large, max-video-preview:-1\" \/>\n<link rel=\"canonical\" href=\"https:\/\/classdressing.com\/en\/product\/vestir-con-clase\/\" \/>\n<meta property=\"og:locale\" content=\"en_US\" \/>\n<meta property=\"og:type\" content=\"article\" \/>\n<meta property=\"og:title\" content=\"Curso online Vestir con Clase | Moda y feminizaci\u00f3n | Classdressing\" \/>\n<meta property=\"og:description\" content=\"Feminizaci\u00f3n corporal: Gu\u00eda online para mujeres trans y crossdressers. Descubre tu tipolog\u00eda, estilo y aprende a comprar ropa que potencie tu feminidad.\" \/>\n<meta property=\"og:url\" content=\"https:\/\/classdressing.com\/en\/product\/vestir-con-clase\/\" \/>\n<meta property=\"og:site_name\" content=\"Classdressing - Academia online de Crossdressing y Feminidad\" \/>\n<meta property=\"article:publisher\" content=\"https:\/\/www.facebook.com\/dafnigirls\/\" \/>\n<meta property=\"article:modified_time\" content=\"2026-03-16T11:25:43+00:00\" \/>\n<meta property=\"og:image\" content=\"https:\/\/classdressing.com\/wp-content\/uploads\/2024\/11\/VESTIRCONCLASE-scaled-e1731509457779.jpg\" \/>\n\t<meta property=\"og:image:width\" content=\"1088\" \/>\n\t<meta property=\"og:image:height\" content=\"1434\" \/>\n\t<meta property=\"og:image:type\" content=\"image\/jpeg\" \/>\n<meta name=\"twitter:card\" content=\"summary_large_image\" \/>\n<meta name=\"twitter:label1\" content=\"Est. reading time\" \/>\n\t<meta name=\"twitter:data1\" content=\"1 minute\" \/>\n<script type=\"application\/ld+json\" class=\"yoast-schema-graph\">{\"@context\":\"https:\\\/\\\/schema.org\",\"@graph\":[{\"@type\":\"WebPage\",\"@id\":\"https:\\\/\\\/classdressing.com\\\/producto\\\/vestir-con-clase\\\/\",\"url\":\"https:\\\/\\\/classdressing.com\\\/producto\\\/vestir-con-clase\\\/\",\"name\":\"Curso online Vestir con Clase | Moda y feminizaci\u00f3n | Classdressing\",\"isPartOf\":{\"@id\":\"https:\\\/\\\/classdressing.com\\\/#website\"},\"primaryImageOfPage\":{\"@id\":\"https:\\\/\\\/classdressing.com\\\/producto\\\/vestir-con-clase\\\/#primaryimage\"},\"image\":{\"@id\":\"https:\\\/\\\/classdressing.com\\\/producto\\\/vestir-con-clase\\\/#primaryimage\"},\"thumbnailUrl\":\"https:\\\/\\\/classdressing.com\\\/wp-content\\\/uploads\\\/2024\\\/11\\\/VESTIRCONCLASE-scaled-e1731509457779.jpg\",\"datePublished\":\"2025-06-26T19:13:42+00:00\",\"dateModified\":\"2026-03-16T11:25:43+00:00\",\"description\":\"Feminizaci\u00f3n corporal: Gu\u00eda online para mujeres trans y crossdressers. Descubre tu tipolog\u00eda, estilo y aprende a comprar ropa que potencie tu feminidad.\",\"breadcrumb\":{\"@id\":\"https:\\\/\\\/classdressing.com\\\/producto\\\/vestir-con-clase\\\/#breadcrumb\"},\"inLanguage\":\"en-US\",\"potentialAction\":[{\"@type\":\"ReadAction\",\"target\":[\"https:\\\/\\\/classdressing.com\\\/producto\\\/vestir-con-clase\\\/\"]}]},{\"@type\":\"ImageObject\",\"inLanguage\":\"en-US\",\"@id\":\"https:\\\/\\\/classdressing.com\\\/producto\\\/vestir-con-clase\\\/#primaryimage\",\"url\":\"https:\\\/\\\/classdressing.com\\\/wp-content\\\/uploads\\\/2024\\\/11\\\/VESTIRCONCLASE-scaled-e1731509457779.jpg\",\"contentUrl\":\"https:\\\/\\\/classdressing.com\\\/wp-content\\\/uploads\\\/2024\\\/11\\\/VESTIRCONCLASE-scaled-e1731509457779.jpg\",\"width\":1088,\"height\":1434,\"caption\":\"Vestir con clase\"},{\"@type\":\"BreadcrumbList\",\"@id\":\"https:\\\/\\\/classdressing.com\\\/producto\\\/vestir-con-clase\\\/#breadcrumb\",\"itemListElement\":[{\"@type\":\"ListItem\",\"position\":1,\"name\":\"Portada\",\"item\":\"https:\\\/\\\/classdressing.com\\\/\"},{\"@type\":\"ListItem\",\"position\":2,\"name\":\"Tienda\",\"item\":\"https:\\\/\\\/classdressing.com\\\/tienda\\\/\"},{\"@type\":\"ListItem\",\"position\":3,\"name\":\"Curso online Vestir con Clase\"}]},{\"@type\":\"WebSite\",\"@id\":\"https:\\\/\\\/classdressing.com\\\/#website\",\"url\":\"https:\\\/\\\/classdressing.com\\\/\",\"name\":\"Classdressing by Dafni Coc\u00f3\",\"description\":\"Academia online de feminidad y Crossdressing: maquillaje, vestuario, modales femeninos con cursos pr\u00e1cticos para crossdressers y mujeres trans.\",\"publisher\":{\"@id\":\"https:\\\/\\\/classdressing.com\\\/#organization\"},\"alternateName\":\"Classdressing\",\"potentialAction\":[{\"@type\":\"SearchAction\",\"target\":{\"@type\":\"EntryPoint\",\"urlTemplate\":\"https:\\\/\\\/classdressing.com\\\/?s={search_term_string}\"},\"query-input\":{\"@type\":\"PropertyValueSpecification\",\"valueRequired\":true,\"valueName\":\"search_term_string\"}}],\"inLanguage\":\"en-US\"},{\"@type\":\"Organization\",\"@id\":\"https:\\\/\\\/classdressing.com\\\/#organization\",\"name\":\"Classdresing\",\"url\":\"https:\\\/\\\/classdressing.com\\\/\",\"logo\":{\"@type\":\"ImageObject\",\"inLanguage\":\"en-US\",\"@id\":\"https:\\\/\\\/classdressing.com\\\/#\\\/schema\\\/logo\\\/image\\\/\",\"url\":\"https:\\\/\\\/classdressing.com\\\/wp-content\\\/uploads\\\/2024\\\/10\\\/cropped-favicon.png\",\"contentUrl\":\"https:\\\/\\\/classdressing.com\\\/wp-content\\\/uploads\\\/2024\\\/10\\\/cropped-favicon.png\",\"width\":512,\"height\":512,\"caption\":\"Classdresing\"},\"image\":{\"@id\":\"https:\\\/\\\/classdressing.com\\\/#\\\/schema\\\/logo\\\/image\\\/\"},\"sameAs\":[\"https:\\\/\\\/www.facebook.com\\\/dafnigirls\\\/\",\"https:\\\/\\\/www.instagram.com\\\/dafnigirls\\\/\",\"https:\\\/\\\/www.youtube.com\\\/user\\\/dafnicoco\"]}]}<\/script>\n<!-- \/ Yoast SEO plugin. -->","yoast_head_json":{"title":"Curso online Vestir con Clase | Moda y feminizaci\u00f3n | Classdressing","description":"Feminizaci\u00f3n corporal: Gu\u00eda online para mujeres trans y crossdressers. Descubre tu tipolog\u00eda, estilo y aprende a comprar ropa que potencie tu feminidad.","robots":{"index":"index","follow":"follow","max-snippet":"max-snippet:-1","max-image-preview":"max-image-preview:large","max-video-preview":"max-video-preview:-1"},"canonical":"https:\/\/classdressing.com\/en\/product\/vestir-con-clase\/","og_locale":"en_US","og_type":"article","og_title":"Curso online Vestir con Clase | Moda y feminizaci\u00f3n | Classdressing","og_description":"Feminizaci\u00f3n corporal: Gu\u00eda online para mujeres trans y crossdressers. Descubre tu tipolog\u00eda, estilo y aprende a comprar ropa que potencie tu feminidad.","og_url":"https:\/\/classdressing.com\/en\/product\/vestir-con-clase\/","og_site_name":"Classdressing - Academia online de Crossdressing y Feminidad","article_publisher":"https:\/\/www.facebook.com\/dafnigirls\/","article_modified_time":"2026-03-16T11:25:43+00:00","og_image":[{"width":1088,"height":1434,"url":"https:\/\/classdressing.com\/wp-content\/uploads\/2024\/11\/VESTIRCONCLASE-scaled-e1731509457779.jpg","type":"image\/jpeg"}],"twitter_card":"summary_large_image","twitter_misc":{"Est. reading time":"1 minute"},"schema":{"@context":"https:\/\/schema.org","@graph":[{"@type":"WebPage","@id":"https:\/\/classdressing.com\/producto\/vestir-con-clase\/","url":"https:\/\/classdressing.com\/producto\/vestir-con-clase\/","name":"Curso online Vestir con Clase | Moda y feminizaci\u00f3n | Classdressing","isPartOf":{"@id":"https:\/\/classdressing.com\/#website"},"primaryImageOfPage":{"@id":"https:\/\/classdressing.com\/producto\/vestir-con-clase\/#primaryimage"},"image":{"@id":"https:\/\/classdressing.com\/producto\/vestir-con-clase\/#primaryimage"},"thumbnailUrl":"https:\/\/classdressing.com\/wp-content\/uploads\/2024\/11\/VESTIRCONCLASE-scaled-e1731509457779.jpg","datePublished":"2025-06-26T19:13:42+00:00","dateModified":"2026-03-16T11:25:43+00:00","description":"Feminizaci\u00f3n corporal: Gu\u00eda online para mujeres trans y crossdressers. Descubre tu tipolog\u00eda, estilo y aprende a comprar ropa que potencie tu feminidad.","breadcrumb":{"@id":"https:\/\/classdressing.com\/producto\/vestir-con-clase\/#breadcrumb"},"inLanguage":"en-US","potentialAction":[{"@type":"ReadAction","target":["https:\/\/classdressing.com\/producto\/vestir-con-clase\/"]}]},{"@type":"ImageObject","inLanguage":"en-US","@id":"https:\/\/classdressing.com\/producto\/vestir-con-clase\/#primaryimage","url":"https:\/\/classdressing.com\/wp-content\/uploads\/2024\/11\/VESTIRCONCLASE-scaled-e1731509457779.jpg","contentUrl":"https:\/\/classdressing.com\/wp-content\/uploads\/2024\/11\/VESTIRCONCLASE-scaled-e1731509457779.jpg","width":1088,"height":1434,"caption":"Vestir con clase"},{"@type":"BreadcrumbList","@id":"https:\/\/classdressing.com\/producto\/vestir-con-clase\/#breadcrumb","itemListElement":[{"@type":"ListItem","position":1,"name":"Portada","item":"https:\/\/classdressing.com\/"},{"@type":"ListItem","position":2,"name":"Tienda","item":"https:\/\/classdressing.com\/tienda\/"},{"@type":"ListItem","position":3,"name":"Curso online Vestir con Clase"}]},{"@type":"WebSite","@id":"https:\/\/classdressing.com\/#website","url":"https:\/\/classdressing.com\/","name":"Classdressing by Dafni Coc\u00f3","description":"Academia online de feminidad y Crossdressing: maquillaje, vestuario, modales femeninos con cursos pr\u00e1cticos para crossdressers y mujeres trans.","publisher":{"@id":"https:\/\/classdressing.com\/#organization"},"alternateName":"Classdressing","potentialAction":[{"@type":"SearchAction","target":{"@type":"EntryPoint","urlTemplate":"https:\/\/classdressing.com\/?s={search_term_string}"},"query-input":{"@type":"PropertyValueSpecification","valueRequired":true,"valueName":"search_term_string"}}],"inLanguage":"en-US"},{"@type":"Organization","@id":"https:\/\/classdressing.com\/#organization","name":"Classdresing","url":"https:\/\/classdressing.com\/","logo":{"@type":"ImageObject","inLanguage":"en-US","@id":"https:\/\/classdressing.com\/#\/schema\/logo\/image\/","url":"https:\/\/classdressing.com\/wp-content\/uploads\/2024\/10\/cropped-favicon.png","contentUrl":"https:\/\/classdressing.com\/wp-content\/uploads\/2024\/10\/cropped-favicon.png","width":512,"height":512,"caption":"Classdresing"},"image":{"@id":"https:\/\/classdressing.com\/#\/schema\/logo\/image\/"},"sameAs":["https:\/\/www.facebook.com\/dafnigirls\/","https:\/\/www.instagram.com\/dafnigirls\/","https:\/\/www.youtube.com\/user\/dafnicoco"]}]}},"_links":{"self":[{"href":"https:\/\/classdressing.com\/en\/wp-json\/wp\/v2\/product\/56229","targetHints":{"allow":["GET"]}}],"collection":[{"href":"https:\/\/classdressing.com\/en\/wp-json\/wp\/v2\/product"}],"about":[{"href":"https:\/\/classdressing.com\/en\/wp-json\/wp\/v2\/types\/product"}],"replies":[{"embeddable":true,"href":"https:\/\/classdressing.com\/en\/wp-json\/wp\/v2\/comments?post=56229"}],"wp:featuredmedia":[{"embeddable":true,"href":"https:\/\/classdressing.com\/en\/wp-json\/wp\/v2\/media\/53931"}],"wp:attachment":[{"href":"https:\/\/classdressing.com\/en\/wp-json\/wp\/v2\/media?parent=56229"}],"wp:term":[{"taxonomy":"product_brand","embeddable":true,"href":"https:\/\/classdressing.com\/en\/wp-json\/wp\/v2\/product_brand?post=56229"},{"taxonomy":"product_cat","embeddable":true,"href":"https:\/\/classdressing.com\/en\/wp-json\/wp\/v2\/product_cat?post=56229"},{"taxonomy":"product_tag","embeddable":true,"href":"https:\/\/classdressing.com\/en\/wp-json\/wp\/v2\/product_tag?post=56229"}],"curies":[{"name":"wp","href":"https:\/\/api.w.org\/{rel}","templated":true}]}}