{"id":56225,"date":"2025-06-26T20:57:16","date_gmt":"2025-06-26T18:57:16","guid":{"rendered":"https:\/\/classdressing.com\/?post_type=product&#038;p=56225"},"modified":"2026-03-16T12:26:41","modified_gmt":"2026-03-16T11:26:41","slug":"rostro-radiante","status":"publish","type":"product","link":"https:\/\/classdressing.com\/en\/product\/rostro-radiante\/","title":{"rendered":"Consigue un Rostro Radiante"},"content":{"rendered":"<p>Bienvenida al mundo exclusivo del maquillaje y la feminizaci\u00f3n facial. Descubre un espacio donde la belleza, la precisi\u00f3n y la creatividad se unen para sacar a la luz la mejor versi\u00f3n de tu feminidad a trav\u00e9s del arte del maquillaje.<\/p>\n<p>Aprender\u00e1s a resaltar tus rasgos y suavizar facciones masculinas para conseguir un aspecto femenino y natural. Con tutoriales claros y f\u00e1ciles, podr\u00e1s transformar tu rostro paso a paso, ganando confianza mientras logras una apariencia aut\u00e9nticamente femenina.<\/p>\n<p>Este curso online est\u00e1 dise\u00f1ado especialmente para mujeres trans y crossdressers que desean aprender t\u00e9cnicas pr\u00e1cticas desde la comodidad de su hogar. Con pautas sencillas y m\u00e9todos comprobados, practicar\u00e1s maquillaje con seguridad y lograr\u00e1s un rostro radiante y lleno de feminidad.<\/p>\n<p>Un programa \u00fanico, disponible en todo el mundo, que te permitir\u00e1 feminizarte desde casa. Te ayudar\u00e1 a expresar tu verdadera identidad femenina con elegancia, confianza y autenticidad, transform\u00e1ndote en la mujer que deseas ser.<\/p>","protected":false},"excerpt":{"rendered":"<p>Descubre Glamour Face, un curso de maquillaje online con m\u00faltiples tutoriales dise\u00f1ados para crossdressers y mujeres trans. Aprende paso a paso a feminizar tu rostro, suavizar rasgos y resaltar tu belleza desde la comodidad de tu casa.<\/p>","protected":false},"featured_media":53930,"comment_status":"open","ping_status":"closed","template":"","meta":[],"product_brand":[],"product_cat":[89],"product_tag":[],"class_list":{"0":"post-56225","1":"product","2":"type-product","3":"status-publish","4":"has-post-thumbnail","6":"product_cat-sin-categorizar","8":"first","9":"instock","10":"downloadable","11":"virtual","12":"purchasable","13":"product-type-simple"},"yoast_head":"<!-- This site is optimized with the Yoast SEO plugin v27.3 - https:\/\/yoast.com\/product\/yoast-seo-wordpress\/ -->\n<title>Consigue un Rostro Radiante | Tutoriales de maquillaje online<\/title>\n<meta name=\"description\" content=\"Aprende automaquillaje de forma f\u00e1cil y divertida, la gu\u00eda ideal para mujeres trans y crossdressers para lograr una apariencia totalmente femenina.\" \/>\n<meta name=\"robots\" content=\"index, follow, max-snippet:-1, max-image-preview:large, max-video-preview:-1\" \/>\n<link rel=\"canonical\" href=\"https:\/\/classdressing.com\/en\/product\/rostro-radiante\/\" \/>\n<meta property=\"og:locale\" content=\"en_US\" \/>\n<meta property=\"og:type\" content=\"article\" \/>\n<meta property=\"og:title\" content=\"Consigue un Rostro Radiante | Tutoriales de maquillaje online\" \/>\n<meta property=\"og:description\" content=\"Aprende automaquillaje de forma f\u00e1cil y divertida, la gu\u00eda ideal para mujeres trans y crossdressers para lograr una apariencia totalmente femenina.\" \/>\n<meta property=\"og:url\" content=\"https:\/\/classdressing.com\/en\/product\/rostro-radiante\/\" \/>\n<meta property=\"og:site_name\" content=\"Classdressing - Academia online de Crossdressing y Feminidad\" \/>\n<meta property=\"article:publisher\" content=\"https:\/\/www.facebook.com\/dafnigirls\/\" \/>\n<meta property=\"article:modified_time\" content=\"2026-03-16T11:26:41+00:00\" \/>\n<meta property=\"og:image\" content=\"https:\/\/classdressing.com\/wp-content\/uploads\/2024\/11\/ROSTRO-RADIANTE2-scaled.jpg\" \/>\n\t<meta property=\"og:image:width\" content=\"2560\" \/>\n\t<meta property=\"og:image:height\" content=\"1440\" \/>\n\t<meta property=\"og:image:type\" content=\"image\/jpeg\" \/>\n<meta name=\"twitter:card\" content=\"summary_large_image\" \/>\n<meta name=\"twitter:label1\" content=\"Est. reading time\" \/>\n\t<meta name=\"twitter:data1\" content=\"1 minute\" \/>\n<script type=\"application\/ld+json\" class=\"yoast-schema-graph\">{\"@context\":\"https:\\\/\\\/schema.org\",\"@graph\":[{\"@type\":\"WebPage\",\"@id\":\"https:\\\/\\\/classdressing.com\\\/producto\\\/rostro-radiante\\\/\",\"url\":\"https:\\\/\\\/classdressing.com\\\/producto\\\/rostro-radiante\\\/\",\"name\":\"Consigue un Rostro Radiante | Tutoriales de maquillaje online\",\"isPartOf\":{\"@id\":\"https:\\\/\\\/classdressing.com\\\/#website\"},\"primaryImageOfPage\":{\"@id\":\"https:\\\/\\\/classdressing.com\\\/producto\\\/rostro-radiante\\\/#primaryimage\"},\"image\":{\"@id\":\"https:\\\/\\\/classdressing.com\\\/producto\\\/rostro-radiante\\\/#primaryimage\"},\"thumbnailUrl\":\"https:\\\/\\\/classdressing.com\\\/wp-content\\\/uploads\\\/2024\\\/11\\\/ROSTRO-RADIANTE2-scaled.jpg\",\"datePublished\":\"2025-06-26T18:57:16+00:00\",\"dateModified\":\"2026-03-16T11:26:41+00:00\",\"description\":\"Aprende automaquillaje de forma f\u00e1cil y divertida, la gu\u00eda ideal para mujeres trans y crossdressers para lograr una apariencia totalmente femenina.\",\"breadcrumb\":{\"@id\":\"https:\\\/\\\/classdressing.com\\\/producto\\\/rostro-radiante\\\/#breadcrumb\"},\"inLanguage\":\"en-US\",\"potentialAction\":[{\"@type\":\"ReadAction\",\"target\":[\"https:\\\/\\\/classdressing.com\\\/producto\\\/rostro-radiante\\\/\"]}]},{\"@type\":\"ImageObject\",\"inLanguage\":\"en-US\",\"@id\":\"https:\\\/\\\/classdressing.com\\\/producto\\\/rostro-radiante\\\/#primaryimage\",\"url\":\"https:\\\/\\\/classdressing.com\\\/wp-content\\\/uploads\\\/2024\\\/11\\\/ROSTRO-RADIANTE2-scaled.jpg\",\"contentUrl\":\"https:\\\/\\\/classdressing.com\\\/wp-content\\\/uploads\\\/2024\\\/11\\\/ROSTRO-RADIANTE2-scaled.jpg\",\"width\":2560,\"height\":1440,\"caption\":\"crossdressing by Dafni Coc\u00f3\"},{\"@type\":\"BreadcrumbList\",\"@id\":\"https:\\\/\\\/classdressing.com\\\/producto\\\/rostro-radiante\\\/#breadcrumb\",\"itemListElement\":[{\"@type\":\"ListItem\",\"position\":1,\"name\":\"Portada\",\"item\":\"https:\\\/\\\/classdressing.com\\\/\"},{\"@type\":\"ListItem\",\"position\":2,\"name\":\"Tienda\",\"item\":\"https:\\\/\\\/classdressing.com\\\/tienda\\\/\"},{\"@type\":\"ListItem\",\"position\":3,\"name\":\"Consigue un Rostro Radiante\"}]},{\"@type\":\"WebSite\",\"@id\":\"https:\\\/\\\/classdressing.com\\\/#website\",\"url\":\"https:\\\/\\\/classdressing.com\\\/\",\"name\":\"Classdressing by Dafni Coc\u00f3\",\"description\":\"Academia online de feminidad y Crossdressing: maquillaje, vestuario, modales femeninos con cursos pr\u00e1cticos para crossdressers y mujeres trans.\",\"publisher\":{\"@id\":\"https:\\\/\\\/classdressing.com\\\/#organization\"},\"alternateName\":\"Classdressing\",\"potentialAction\":[{\"@type\":\"SearchAction\",\"target\":{\"@type\":\"EntryPoint\",\"urlTemplate\":\"https:\\\/\\\/classdressing.com\\\/?s={search_term_string}\"},\"query-input\":{\"@type\":\"PropertyValueSpecification\",\"valueRequired\":true,\"valueName\":\"search_term_string\"}}],\"inLanguage\":\"en-US\"},{\"@type\":\"Organization\",\"@id\":\"https:\\\/\\\/classdressing.com\\\/#organization\",\"name\":\"Classdresing\",\"url\":\"https:\\\/\\\/classdressing.com\\\/\",\"logo\":{\"@type\":\"ImageObject\",\"inLanguage\":\"en-US\",\"@id\":\"https:\\\/\\\/classdressing.com\\\/#\\\/schema\\\/logo\\\/image\\\/\",\"url\":\"https:\\\/\\\/classdressing.com\\\/wp-content\\\/uploads\\\/2024\\\/10\\\/cropped-favicon.png\",\"contentUrl\":\"https:\\\/\\\/classdressing.com\\\/wp-content\\\/uploads\\\/2024\\\/10\\\/cropped-favicon.png\",\"width\":512,\"height\":512,\"caption\":\"Classdresing\"},\"image\":{\"@id\":\"https:\\\/\\\/classdressing.com\\\/#\\\/schema\\\/logo\\\/image\\\/\"},\"sameAs\":[\"https:\\\/\\\/www.facebook.com\\\/dafnigirls\\\/\",\"https:\\\/\\\/www.instagram.com\\\/dafnigirls\\\/\",\"https:\\\/\\\/www.youtube.com\\\/user\\\/dafnicoco\"]}]}<\/script>\n<!-- \/ Yoast SEO plugin. -->","yoast_head_json":{"title":"Consigue un Rostro Radiante | Tutoriales de maquillaje online","description":"Aprende automaquillaje de forma f\u00e1cil y divertida, la gu\u00eda ideal para mujeres trans y crossdressers para lograr una apariencia totalmente femenina.","robots":{"index":"index","follow":"follow","max-snippet":"max-snippet:-1","max-image-preview":"max-image-preview:large","max-video-preview":"max-video-preview:-1"},"canonical":"https:\/\/classdressing.com\/en\/product\/rostro-radiante\/","og_locale":"en_US","og_type":"article","og_title":"Consigue un Rostro Radiante | Tutoriales de maquillaje online","og_description":"Aprende automaquillaje de forma f\u00e1cil y divertida, la gu\u00eda ideal para mujeres trans y crossdressers para lograr una apariencia totalmente femenina.","og_url":"https:\/\/classdressing.com\/en\/product\/rostro-radiante\/","og_site_name":"Classdressing - Academia online de Crossdressing y Feminidad","article_publisher":"https:\/\/www.facebook.com\/dafnigirls\/","article_modified_time":"2026-03-16T11:26:41+00:00","og_image":[{"width":2560,"height":1440,"url":"https:\/\/classdressing.com\/wp-content\/uploads\/2024\/11\/ROSTRO-RADIANTE2-scaled.jpg","type":"image\/jpeg"}],"twitter_card":"summary_large_image","twitter_misc":{"Est. reading time":"1 minute"},"schema":{"@context":"https:\/\/schema.org","@graph":[{"@type":"WebPage","@id":"https:\/\/classdressing.com\/producto\/rostro-radiante\/","url":"https:\/\/classdressing.com\/producto\/rostro-radiante\/","name":"Consigue un Rostro Radiante | Tutoriales de maquillaje online","isPartOf":{"@id":"https:\/\/classdressing.com\/#website"},"primaryImageOfPage":{"@id":"https:\/\/classdressing.com\/producto\/rostro-radiante\/#primaryimage"},"image":{"@id":"https:\/\/classdressing.com\/producto\/rostro-radiante\/#primaryimage"},"thumbnailUrl":"https:\/\/classdressing.com\/wp-content\/uploads\/2024\/11\/ROSTRO-RADIANTE2-scaled.jpg","datePublished":"2025-06-26T18:57:16+00:00","dateModified":"2026-03-16T11:26:41+00:00","description":"Aprende automaquillaje de forma f\u00e1cil y divertida, la gu\u00eda ideal para mujeres trans y crossdressers para lograr una apariencia totalmente femenina.","breadcrumb":{"@id":"https:\/\/classdressing.com\/producto\/rostro-radiante\/#breadcrumb"},"inLanguage":"en-US","potentialAction":[{"@type":"ReadAction","target":["https:\/\/classdressing.com\/producto\/rostro-radiante\/"]}]},{"@type":"ImageObject","inLanguage":"en-US","@id":"https:\/\/classdressing.com\/producto\/rostro-radiante\/#primaryimage","url":"https:\/\/classdressing.com\/wp-content\/uploads\/2024\/11\/ROSTRO-RADIANTE2-scaled.jpg","contentUrl":"https:\/\/classdressing.com\/wp-content\/uploads\/2024\/11\/ROSTRO-RADIANTE2-scaled.jpg","width":2560,"height":1440,"caption":"crossdressing by Dafni Coc\u00f3"},{"@type":"BreadcrumbList","@id":"https:\/\/classdressing.com\/producto\/rostro-radiante\/#breadcrumb","itemListElement":[{"@type":"ListItem","position":1,"name":"Portada","item":"https:\/\/classdressing.com\/"},{"@type":"ListItem","position":2,"name":"Tienda","item":"https:\/\/classdressing.com\/tienda\/"},{"@type":"ListItem","position":3,"name":"Consigue un Rostro Radiante"}]},{"@type":"WebSite","@id":"https:\/\/classdressing.com\/#website","url":"https:\/\/classdressing.com\/","name":"Classdressing by Dafni Coc\u00f3","description":"Academia online de feminidad y Crossdressing: maquillaje, vestuario, modales femeninos con cursos pr\u00e1cticos para crossdressers y mujeres trans.","publisher":{"@id":"https:\/\/classdressing.com\/#organization"},"alternateName":"Classdressing","potentialAction":[{"@type":"SearchAction","target":{"@type":"EntryPoint","urlTemplate":"https:\/\/classdressing.com\/?s={search_term_string}"},"query-input":{"@type":"PropertyValueSpecification","valueRequired":true,"valueName":"search_term_string"}}],"inLanguage":"en-US"},{"@type":"Organization","@id":"https:\/\/classdressing.com\/#organization","name":"Classdresing","url":"https:\/\/classdressing.com\/","logo":{"@type":"ImageObject","inLanguage":"en-US","@id":"https:\/\/classdressing.com\/#\/schema\/logo\/image\/","url":"https:\/\/classdressing.com\/wp-content\/uploads\/2024\/10\/cropped-favicon.png","contentUrl":"https:\/\/classdressing.com\/wp-content\/uploads\/2024\/10\/cropped-favicon.png","width":512,"height":512,"caption":"Classdresing"},"image":{"@id":"https:\/\/classdressing.com\/#\/schema\/logo\/image\/"},"sameAs":["https:\/\/www.facebook.com\/dafnigirls\/","https:\/\/www.instagram.com\/dafnigirls\/","https:\/\/www.youtube.com\/user\/dafnicoco"]}]}},"_links":{"self":[{"href":"https:\/\/classdressing.com\/en\/wp-json\/wp\/v2\/product\/56225","targetHints":{"allow":["GET"]}}],"collection":[{"href":"https:\/\/classdressing.com\/en\/wp-json\/wp\/v2\/product"}],"about":[{"href":"https:\/\/classdressing.com\/en\/wp-json\/wp\/v2\/types\/product"}],"replies":[{"embeddable":true,"href":"https:\/\/classdressing.com\/en\/wp-json\/wp\/v2\/comments?post=56225"}],"wp:featuredmedia":[{"embeddable":true,"href":"https:\/\/classdressing.com\/en\/wp-json\/wp\/v2\/media\/53930"}],"wp:attachment":[{"href":"https:\/\/classdressing.com\/en\/wp-json\/wp\/v2\/media?parent=56225"}],"wp:term":[{"taxonomy":"product_brand","embeddable":true,"href":"https:\/\/classdressing.com\/en\/wp-json\/wp\/v2\/product_brand?post=56225"},{"taxonomy":"product_cat","embeddable":true,"href":"https:\/\/classdressing.com\/en\/wp-json\/wp\/v2\/product_cat?post=56225"},{"taxonomy":"product_tag","embeddable":true,"href":"https:\/\/classdressing.com\/en\/wp-json\/wp\/v2\/product_tag?post=56225"}],"curies":[{"name":"wp","href":"https:\/\/api.w.org\/{rel}","templated":true}]}}