{"id":53558,"date":"2024-10-23T12:51:51","date_gmt":"2024-10-23T10:51:51","guid":{"rendered":"https:\/\/classdressing.com\/?page_id=53558"},"modified":"2026-02-10T12:33:49","modified_gmt":"2026-02-10T11:33:49","slug":"contacto","status":"publish","type":"page","link":"https:\/\/classdressing.com\/en\/contacto\/","title":{"rendered":"Contacto"},"content":{"rendered":"<div data-elementor-type=\"wp-page\" data-elementor-id=\"53558\" class=\"elementor elementor-53558\">\n\t\t\t\t<div class=\"elementor-element elementor-element-bc21e77 e-con-full e-flex e-con e-parent\" data-id=\"bc21e77\" data-element_type=\"container\" data-settings=\"{&quot;background_background&quot;:&quot;classic&quot;}\">\n\t\t\t\t<div class=\"elementor-element elementor-element-e3e103e elementor-widget elementor-widget-heading\" data-id=\"e3e103e\" data-element_type=\"widget\" data-widget_type=\"heading.default\">\n\t\t\t\t<div class=\"elementor-widget-container\">\n\t\t\t\t\t<h2 class=\"elementor-heading-title elementor-size-default\">Contacto<\/h2>\t\t\t\t<\/div>\n\t\t\t\t<\/div>\n\t\t\t\t<\/div>\n\t\t<div class=\"elementor-element elementor-element-d6c9038 e-flex e-con-boxed e-con e-parent\" data-id=\"d6c9038\" data-element_type=\"container\">\n\t\t\t\t\t<div class=\"e-con-inner\">\n\t\t\t\t<div class=\"elementor-element elementor-element-b97e529 elementor-widget elementor-widget-text-editor\" data-id=\"b97e529\" data-element_type=\"widget\" data-widget_type=\"text-editor.default\">\n\t\t\t\t<div class=\"elementor-widget-container\">\n\t\t\t\t\t\t\t\t\t<p><span style=\"font-weight: 400;\">Estoy aqu\u00ed para ayudarte en todo lo que necesites. Si tienes comentarios, quieres informarte sobre algunas dudas referente a los tutoriales o accesibilidad, te invito a que utilices el formulario que encontrar\u00e1s a continuaci\u00f3n. Estar\u00e9 encantada de leerte y hacer todo lo posible para que tu experiencia sea la mejor.<\/span><\/p><p><span style=\"font-weight: 400;\">\u00a0<\/span><\/p><p><span style=\"caret-color: #000000; color: #000000; font-style: normal; font-variant-caps: normal; text-align: start; -webkit-text-size-adjust: auto;\">Tambi\u00e9n puedes contactarme directamente a trav\u00e9s de correo electr\u00f3nico al info@classdressing.com o por <a href=\"https:\/\/wa.me\/346XXXXXXXX\">WhatsApp<\/a> y tel\u00e9fono al <a href=\"tel:+346XXXXXXXX\">+34656617136<\/a> , donde estar\u00e9 disponible en horario laboral de L-V de 10h a 17h para responderte con cari\u00f1o y atenci\u00f3n.<\/span><span style=\"font-weight: 400;\"><br \/><\/span><\/p>\t\t\t\t\t\t\t\t<\/div>\n\t\t\t\t<\/div>\n\t\t\t\t\t<\/div>\n\t\t\t\t<\/div>\n\t\t<div class=\"elementor-element elementor-element-0a3483c e-flex e-con-boxed e-con e-parent\" data-id=\"0a3483c\" data-element_type=\"container\">\n\t\t\t\t\t<div class=\"e-con-inner\">\n\t\t\t\t<div class=\"elementor-element elementor-element-cc26e2a elementor-widget elementor-widget-wpforms\" data-id=\"cc26e2a\" data-element_type=\"widget\" data-widget_type=\"wpforms.default\">\n\t\t\t\t<div class=\"elementor-widget-container\">\n\t\t\t\t\t<style id=\"wpforms-css-vars-elementor-widget-cc26e2a\">\n\t\t\t\t.elementor-widget-wpforms.elementor-element-cc26e2a {\n\t\t\t\t--wpforms-field-border-color: #cccccc;\n--wpforms-field-border-color-spare: #cccccc;\n--wpforms-field-text-color: #444444;\n--wpforms-label-color: #262626;\n--wpforms-label-sublabel-color: #7f7f7f;\n--wpforms-label-error-color: #ff0000;\n--wpforms-button-border-style: solid;\n--wpforms-button-background-color: #dddddd;\n--wpforms-button-border-color: #cccccc;\n--wpforms-button-text-color: #666666;\n--wpforms-page-break-color: #dddddd;\n--wpforms-label-size-font-size: 14px;\n--wpforms-label-size-line-height: 17px;\n--wpforms-label-size-sublabel-font-size: 13px;\n--wpforms-label-size-sublabel-line-height: 16px;\n\t\t\t}\n\t\t\t<\/style><div class=\"wpforms-container wpforms-container-full wpforms-render-modern\" id=\"wpforms-56397\"><form id=\"wpforms-form-56397\" class=\"wpforms-validate wpforms-form wpforms-ajax-form\" data-formid=\"56397\" method=\"post\" enctype=\"multipart\/form-data\" action=\"\/en\/wp-json\/wp\/v2\/pages\/53558\" data-token=\"3b8351563a8dec90125caf8af579bb3b\" data-token-time=\"1775235813\" data-trp-original-action=\"\/en\/wp-json\/wp\/v2\/pages\/53558\"><noscript class=\"wpforms-error-noscript\">Please enable JavaScript in your browser to complete this form.<\/noscript><div id=\"wpforms-error-noscript\" style=\"display: none;\">Please enable JavaScript in your browser to complete this form.<\/div><div class=\"wpforms-field-container\"><div id=\"wpforms-56397-field_1-container\" class=\"wpforms-field wpforms-field-name\" data-field-id=\"1\"><fieldset><legend class=\"wpforms-field-label wpforms-label-hide\" aria-hidden=\"false\">Nombre <span class=\"wpforms-required-label\" aria-hidden=\"true\">*<\/span><\/legend><div class=\"wpforms-field-row wpforms-field-medium\"><div class=\"wpforms-field-row-block wpforms-first wpforms-one-half\"><input type=\"text\" id=\"wpforms-56397-field_1\" class=\"wpforms-field-name-first wpforms-field-required\" name=\"wpforms[fields][1][first]\" placeholder=\"Nombre\" aria-errormessage=\"wpforms-56397-field_1-error\" required><label for=\"wpforms-56397-field_1\" class=\"wpforms-field-sublabel after wpforms-sublabel-hide\">First<\/label><\/div><div class=\"wpforms-field-row-block wpforms-one-half\"><input type=\"text\" id=\"wpforms-56397-field_1-last\" class=\"wpforms-field-name-last wpforms-field-required\" name=\"wpforms[fields][1][last]\" placeholder=\"Apellidos\" aria-errormessage=\"wpforms-56397-field_1-last-error\" required><label for=\"wpforms-56397-field_1-last\" class=\"wpforms-field-sublabel after wpforms-sublabel-hide\">Last<\/label><\/div><\/div><\/fieldset><\/div>\t\t<div id=\"wpforms-56397-field_5-container\"\n\t\t\tclass=\"wpforms-field wpforms-field-text\"\n\t\t\tdata-field-type=\"text\"\n\t\t\tdata-field-id=\"5\"\n\t\t\t>\n\t\t\t<label class=\"wpforms-field-label\" for=\"wpforms-56397-field_5\" >Comentario Nombre Correo<\/label>\n\t\t\t<input type=\"text\" id=\"wpforms-56397-field_5\" class=\"wpforms-field-medium\" name=\"wpforms[fields][5]\" >\n\t\t<\/div>\n\t\t<div id=\"wpforms-56397-field_4-container\" class=\"wpforms-field wpforms-field-text wpforms-one-half wpforms-first\" data-field-id=\"4\"><label class=\"wpforms-field-label wpforms-label-hide\" for=\"wpforms-56397-field_4\" aria-hidden=\"false\">Asunto<\/label><input type=\"text\" id=\"wpforms-56397-field_4\" class=\"wpforms-field-medium\" name=\"wpforms[fields][4]\" placeholder=\"Asunto\" aria-errormessage=\"wpforms-56397-field_4-error\" ><\/div><div id=\"wpforms-56397-field_2-container\" class=\"wpforms-field wpforms-field-email wpforms-one-half\" data-field-id=\"2\"><label class=\"wpforms-field-label wpforms-label-hide\" for=\"wpforms-56397-field_2\" aria-hidden=\"false\">Correo electr\u00f3nico <span class=\"wpforms-required-label\" aria-hidden=\"true\">*<\/span><\/label><input type=\"email\" id=\"wpforms-56397-field_2\" class=\"wpforms-field-medium wpforms-field-required\" name=\"wpforms[fields][2]\" placeholder=\"Correo electr\u00f3nico\" spellcheck=\"false\" aria-errormessage=\"wpforms-56397-field_2-error\" required><\/div><div id=\"wpforms-56397-field_3-container\" class=\"wpforms-field wpforms-field-textarea\" data-field-id=\"3\"><label class=\"wpforms-field-label wpforms-label-hide\" for=\"wpforms-56397-field_3\" aria-hidden=\"false\">Comentario o mensaje<\/label><textarea id=\"wpforms-56397-field_3\" class=\"wpforms-field-medium\" name=\"wpforms[fields][3]\" placeholder=\"Comentario o mensaje\" aria-errormessage=\"wpforms-56397-field_3-error\" ><\/textarea><\/div><script>\n\t\t\t\t( function() {\n\t\t\t\t\tconst style = document.createElement( 'style' );\n\t\t\t\t\tstyle.appendChild( document.createTextNode( '#wpforms-56397-field_5-container { position: absolute !important; overflow: hidden !important; display: inline !important; height: 1px !important; width: 1px !important; z-index: -1000 !important; padding: 0 !important; } #wpforms-56397-field_5-container input { visibility: hidden; } #wpforms-conversational-form-page #wpforms-56397-field_5-container label { counter-increment: none; }' ) );\n\t\t\t\t\tdocument.head.appendChild( style );\n\t\t\t\t\tdocument.currentScript?.remove();\n\t\t\t\t} )();\n\t\t\t<\/script><\/div><!-- .wpforms-field-container --><div class=\"wpforms-submit-container\" ><input type=\"hidden\" name=\"wpforms[id]\" value=\"56397\"><input type=\"hidden\" name=\"page_title\" value=\"\"><input type=\"hidden\" name=\"page_url\" value=\"https:\/\/classdressing.com\/en\/wp-json\/wp\/v2\/pages\/53558\"><input type=\"hidden\" name=\"url_referer\" value=\"\"><button type=\"submit\" name=\"wpforms[submit]\" id=\"wpforms-submit-56397\" class=\"wpforms-submit\" data-alt-text=\"Enviando...\" data-submit-text=\"Enviar\" aria-live=\"assertive\" value=\"wpforms-submit\">Enviar<\/button><img decoding=\"async\" src=\"https:\/\/classdressing.com\/wp-content\/plugins\/wpforms-lite\/assets\/images\/submit-spin.svg\" class=\"wpforms-submit-spinner\" style=\"display: none;\" width=\"26\" height=\"26\" alt=\"Loading\"><\/div><input type=\"hidden\" name=\"trp-form-language\" value=\"en\"\/><\/form><\/div>  <!-- .wpforms-container -->\t\t\t\t<\/div>\n\t\t\t\t<\/div>\n\t\t\t\t\t<\/div>\n\t\t\t\t<\/div>\n\t\t\t\t<\/div>","protected":false},"excerpt":{"rendered":"<p>Contacto Estoy aqu\u00ed para ayudarte en todo lo que necesites. Si tienes comentarios, quieres informarte sobre algunas dudas referente a los tutoriales o accesibilidad, te invito a que utilices el formulario que encontrar\u00e1s a continuaci\u00f3n. Estar\u00e9 encantada de leerte y hacer todo lo posible para que tu experiencia sea la mejor. \u00a0 Tambi\u00e9n puedes contactarme<a href=\"https:\/\/classdressing.com\/en\/contacto\/\" class=\"more-link\"><span class=\"screen-reader-text\">Contacto<\/span><\/a><\/p>","protected":false},"author":1,"featured_media":0,"parent":0,"menu_order":0,"comment_status":"closed","ping_status":"closed","template":"elementor_header_footer","meta":{"footnotes":""},"class_list":["post-53558","page","type-page","status-publish","hentry"],"yoast_head":"<!-- This site is optimized with the Yoast SEO plugin v27.3 - https:\/\/yoast.com\/product\/yoast-seo-wordpress\/ -->\n<title>Contacto | Classdressing - Academia online de Crossdressing y Feminidad<\/title>\n<meta name=\"description\" content=\"Puedes contactarme directamente a trav\u00e9s de correo electr\u00f3nico o por WhatsApp y tel\u00e9fono, donde estar\u00e9 disponible en horario laboral de L-V de 10h a 20h para responderte con cari\u00f1o y atenci\u00f3n. Mail: info@classdressing.com - +34 656617136\" \/>\n<meta name=\"robots\" content=\"index, follow, max-snippet:-1, max-image-preview:large, max-video-preview:-1\" \/>\n<link rel=\"canonical\" href=\"https:\/\/classdressing.com\/en\/contacto\/\" \/>\n<meta property=\"og:locale\" content=\"en_US\" \/>\n<meta property=\"og:type\" content=\"article\" \/>\n<meta property=\"og:title\" content=\"Contacto | Classdressing - Academia online de Crossdressing y Feminidad\" \/>\n<meta property=\"og:description\" content=\"Puedes contactarme directamente a trav\u00e9s de correo electr\u00f3nico o por WhatsApp y tel\u00e9fono, donde estar\u00e9 disponible en horario laboral de L-V de 10h a 20h para responderte con cari\u00f1o y atenci\u00f3n. Mail: info@classdressing.com - +34 656617136\" \/>\n<meta property=\"og:url\" content=\"https:\/\/classdressing.com\/en\/contacto\/\" \/>\n<meta property=\"og:site_name\" content=\"Classdressing - Academia online de Crossdressing y Feminidad\" \/>\n<meta property=\"article:publisher\" content=\"https:\/\/www.facebook.com\/dafnigirls\/\" \/>\n<meta property=\"article:modified_time\" content=\"2026-02-10T11:33:49+00:00\" \/>\n<meta property=\"og:image\" content=\"https:\/\/classdressing.com\/wp-content\/plugins\/wpforms-lite\/assets\/images\/submit-spin.svg\" \/>\n<meta name=\"twitter:card\" content=\"summary_large_image\" \/>\n<meta name=\"twitter:label1\" content=\"Est. reading time\" \/>\n\t<meta name=\"twitter:data1\" content=\"1 minute\" \/>\n<script type=\"application\/ld+json\" class=\"yoast-schema-graph\">{\"@context\":\"https:\\\/\\\/schema.org\",\"@graph\":[{\"@type\":\"WebPage\",\"@id\":\"https:\\\/\\\/classdressing.com\\\/contacto\\\/\",\"url\":\"https:\\\/\\\/classdressing.com\\\/contacto\\\/\",\"name\":\"Contacto | Classdressing - Academia online de Crossdressing y Feminidad\",\"isPartOf\":{\"@id\":\"https:\\\/\\\/classdressing.com\\\/#website\"},\"primaryImageOfPage\":{\"@id\":\"https:\\\/\\\/classdressing.com\\\/contacto\\\/#primaryimage\"},\"image\":{\"@id\":\"https:\\\/\\\/classdressing.com\\\/contacto\\\/#primaryimage\"},\"thumbnailUrl\":\"https:\\\/\\\/classdressing.com\\\/wp-content\\\/plugins\\\/wpforms-lite\\\/assets\\\/images\\\/submit-spin.svg\",\"datePublished\":\"2024-10-23T10:51:51+00:00\",\"dateModified\":\"2026-02-10T11:33:49+00:00\",\"description\":\"Puedes contactarme directamente a trav\u00e9s de correo electr\u00f3nico o por WhatsApp y tel\u00e9fono, donde estar\u00e9 disponible en horario laboral de L-V de 10h a 20h para responderte con cari\u00f1o y atenci\u00f3n. Mail: info@classdressing.com - +34 656617136\",\"breadcrumb\":{\"@id\":\"https:\\\/\\\/classdressing.com\\\/contacto\\\/#breadcrumb\"},\"inLanguage\":\"en-US\",\"potentialAction\":[{\"@type\":\"ReadAction\",\"target\":[\"https:\\\/\\\/classdressing.com\\\/contacto\\\/\"]}]},{\"@type\":\"ImageObject\",\"inLanguage\":\"en-US\",\"@id\":\"https:\\\/\\\/classdressing.com\\\/contacto\\\/#primaryimage\",\"url\":\"https:\\\/\\\/classdressing.com\\\/wp-content\\\/plugins\\\/wpforms-lite\\\/assets\\\/images\\\/submit-spin.svg\",\"contentUrl\":\"https:\\\/\\\/classdressing.com\\\/wp-content\\\/plugins\\\/wpforms-lite\\\/assets\\\/images\\\/submit-spin.svg\"},{\"@type\":\"BreadcrumbList\",\"@id\":\"https:\\\/\\\/classdressing.com\\\/contacto\\\/#breadcrumb\",\"itemListElement\":[{\"@type\":\"ListItem\",\"position\":1,\"name\":\"Portada\",\"item\":\"https:\\\/\\\/classdressing.com\\\/\"},{\"@type\":\"ListItem\",\"position\":2,\"name\":\"Contacto\"}]},{\"@type\":\"WebSite\",\"@id\":\"https:\\\/\\\/classdressing.com\\\/#website\",\"url\":\"https:\\\/\\\/classdressing.com\\\/\",\"name\":\"Classdressing by Dafni Coc\u00f3\",\"description\":\"Academia online de feminidad y Crossdressing: maquillaje, vestuario, modales femeninos con cursos pr\u00e1cticos para crossdressers y mujeres trans.\",\"publisher\":{\"@id\":\"https:\\\/\\\/classdressing.com\\\/#organization\"},\"alternateName\":\"Classdressing\",\"potentialAction\":[{\"@type\":\"SearchAction\",\"target\":{\"@type\":\"EntryPoint\",\"urlTemplate\":\"https:\\\/\\\/classdressing.com\\\/?s={search_term_string}\"},\"query-input\":{\"@type\":\"PropertyValueSpecification\",\"valueRequired\":true,\"valueName\":\"search_term_string\"}}],\"inLanguage\":\"en-US\"},{\"@type\":\"Organization\",\"@id\":\"https:\\\/\\\/classdressing.com\\\/#organization\",\"name\":\"Classdresing\",\"url\":\"https:\\\/\\\/classdressing.com\\\/\",\"logo\":{\"@type\":\"ImageObject\",\"inLanguage\":\"en-US\",\"@id\":\"https:\\\/\\\/classdressing.com\\\/#\\\/schema\\\/logo\\\/image\\\/\",\"url\":\"https:\\\/\\\/classdressing.com\\\/wp-content\\\/uploads\\\/2024\\\/10\\\/cropped-favicon.png\",\"contentUrl\":\"https:\\\/\\\/classdressing.com\\\/wp-content\\\/uploads\\\/2024\\\/10\\\/cropped-favicon.png\",\"width\":512,\"height\":512,\"caption\":\"Classdresing\"},\"image\":{\"@id\":\"https:\\\/\\\/classdressing.com\\\/#\\\/schema\\\/logo\\\/image\\\/\"},\"sameAs\":[\"https:\\\/\\\/www.facebook.com\\\/dafnigirls\\\/\",\"https:\\\/\\\/www.instagram.com\\\/dafnigirls\\\/\",\"https:\\\/\\\/www.youtube.com\\\/user\\\/dafnicoco\"]}]}<\/script>\n<!-- \/ Yoast SEO plugin. -->","yoast_head_json":{"title":"Contacto | Classdressing - Academia online de Crossdressing y Feminidad","description":"Puedes contactarme directamente a trav\u00e9s de correo electr\u00f3nico o por WhatsApp y tel\u00e9fono, donde estar\u00e9 disponible en horario laboral de L-V de 10h a 20h para responderte con cari\u00f1o y atenci\u00f3n. Mail: info@classdressing.com - +34 656617136","robots":{"index":"index","follow":"follow","max-snippet":"max-snippet:-1","max-image-preview":"max-image-preview:large","max-video-preview":"max-video-preview:-1"},"canonical":"https:\/\/classdressing.com\/en\/contacto\/","og_locale":"en_US","og_type":"article","og_title":"Contacto | Classdressing - Academia online de Crossdressing y Feminidad","og_description":"Puedes contactarme directamente a trav\u00e9s de correo electr\u00f3nico o por WhatsApp y tel\u00e9fono, donde estar\u00e9 disponible en horario laboral de L-V de 10h a 20h para responderte con cari\u00f1o y atenci\u00f3n. Mail: info@classdressing.com - +34 656617136","og_url":"https:\/\/classdressing.com\/en\/contacto\/","og_site_name":"Classdressing - Academia online de Crossdressing y Feminidad","article_publisher":"https:\/\/www.facebook.com\/dafnigirls\/","article_modified_time":"2026-02-10T11:33:49+00:00","og_image":[{"url":"https:\/\/classdressing.com\/wp-content\/plugins\/wpforms-lite\/assets\/images\/submit-spin.svg","type":"","width":"","height":""}],"twitter_card":"summary_large_image","twitter_misc":{"Est. reading time":"1 minute"},"schema":{"@context":"https:\/\/schema.org","@graph":[{"@type":"WebPage","@id":"https:\/\/classdressing.com\/contacto\/","url":"https:\/\/classdressing.com\/contacto\/","name":"Contacto | Classdressing - Academia online de Crossdressing y Feminidad","isPartOf":{"@id":"https:\/\/classdressing.com\/#website"},"primaryImageOfPage":{"@id":"https:\/\/classdressing.com\/contacto\/#primaryimage"},"image":{"@id":"https:\/\/classdressing.com\/contacto\/#primaryimage"},"thumbnailUrl":"https:\/\/classdressing.com\/wp-content\/plugins\/wpforms-lite\/assets\/images\/submit-spin.svg","datePublished":"2024-10-23T10:51:51+00:00","dateModified":"2026-02-10T11:33:49+00:00","description":"Puedes contactarme directamente a trav\u00e9s de correo electr\u00f3nico o por WhatsApp y tel\u00e9fono, donde estar\u00e9 disponible en horario laboral de L-V de 10h a 20h para responderte con cari\u00f1o y atenci\u00f3n. Mail: info@classdressing.com - +34 656617136","breadcrumb":{"@id":"https:\/\/classdressing.com\/contacto\/#breadcrumb"},"inLanguage":"en-US","potentialAction":[{"@type":"ReadAction","target":["https:\/\/classdressing.com\/contacto\/"]}]},{"@type":"ImageObject","inLanguage":"en-US","@id":"https:\/\/classdressing.com\/contacto\/#primaryimage","url":"https:\/\/classdressing.com\/wp-content\/plugins\/wpforms-lite\/assets\/images\/submit-spin.svg","contentUrl":"https:\/\/classdressing.com\/wp-content\/plugins\/wpforms-lite\/assets\/images\/submit-spin.svg"},{"@type":"BreadcrumbList","@id":"https:\/\/classdressing.com\/contacto\/#breadcrumb","itemListElement":[{"@type":"ListItem","position":1,"name":"Portada","item":"https:\/\/classdressing.com\/"},{"@type":"ListItem","position":2,"name":"Contacto"}]},{"@type":"WebSite","@id":"https:\/\/classdressing.com\/#website","url":"https:\/\/classdressing.com\/","name":"Classdressing by Dafni Coc\u00f3","description":"Academia online de feminidad y Crossdressing: maquillaje, vestuario, modales femeninos con cursos pr\u00e1cticos para crossdressers y mujeres trans.","publisher":{"@id":"https:\/\/classdressing.com\/#organization"},"alternateName":"Classdressing","potentialAction":[{"@type":"SearchAction","target":{"@type":"EntryPoint","urlTemplate":"https:\/\/classdressing.com\/?s={search_term_string}"},"query-input":{"@type":"PropertyValueSpecification","valueRequired":true,"valueName":"search_term_string"}}],"inLanguage":"en-US"},{"@type":"Organization","@id":"https:\/\/classdressing.com\/#organization","name":"Classdresing","url":"https:\/\/classdressing.com\/","logo":{"@type":"ImageObject","inLanguage":"en-US","@id":"https:\/\/classdressing.com\/#\/schema\/logo\/image\/","url":"https:\/\/classdressing.com\/wp-content\/uploads\/2024\/10\/cropped-favicon.png","contentUrl":"https:\/\/classdressing.com\/wp-content\/uploads\/2024\/10\/cropped-favicon.png","width":512,"height":512,"caption":"Classdresing"},"image":{"@id":"https:\/\/classdressing.com\/#\/schema\/logo\/image\/"},"sameAs":["https:\/\/www.facebook.com\/dafnigirls\/","https:\/\/www.instagram.com\/dafnigirls\/","https:\/\/www.youtube.com\/user\/dafnicoco"]}]}},"_links":{"self":[{"href":"https:\/\/classdressing.com\/en\/wp-json\/wp\/v2\/pages\/53558","targetHints":{"allow":["GET"]}}],"collection":[{"href":"https:\/\/classdressing.com\/en\/wp-json\/wp\/v2\/pages"}],"about":[{"href":"https:\/\/classdressing.com\/en\/wp-json\/wp\/v2\/types\/page"}],"author":[{"embeddable":true,"href":"https:\/\/classdressing.com\/en\/wp-json\/wp\/v2\/users\/1"}],"replies":[{"embeddable":true,"href":"https:\/\/classdressing.com\/en\/wp-json\/wp\/v2\/comments?post=53558"}],"version-history":[{"count":12,"href":"https:\/\/classdressing.com\/en\/wp-json\/wp\/v2\/pages\/53558\/revisions"}],"predecessor-version":[{"id":57315,"href":"https:\/\/classdressing.com\/en\/wp-json\/wp\/v2\/pages\/53558\/revisions\/57315"}],"wp:attachment":[{"href":"https:\/\/classdressing.com\/en\/wp-json\/wp\/v2\/media?parent=53558"}],"curies":[{"name":"wp","href":"https:\/\/api.w.org\/{rel}","templated":true}]}}